{"id":17801,"date":"2026-01-14T13:45:00","date_gmt":"2026-01-14T12:45:00","guid":{"rendered":"https:\/\/icsl.at\/?page_id=17801"},"modified":"2026-01-14T16:41:34","modified_gmt":"2026-01-14T15:41:34","slug":"silentel-aas","status":"publish","type":"page","link":"https:\/\/icsl.at\/de\/produkte\/silentel-aas\/","title":{"rendered":"SILENTEL as a Service (by ICSL)"},"content":{"rendered":"<p><div class=\"fusion-fullwidth fullwidth-box fusion-builder-row-1 nonhundred-percent-fullwidth non-hundred-percent-height-scrolling\" style=\"--awb-border-radius-top-left:0px;--awb-border-radius-top-right:0px;--awb-border-radius-bottom-right:0px;--awb-border-radius-bottom-left:0px;--awb-flex-wrap:wrap;\" ><div class=\"fusion-builder-row fusion-row\"><div class=\"fusion-layout-column fusion_builder_column fusion-builder-column-0 fusion_builder_column_1_2 1_2 fusion-one-half fusion-column-first\" style=\"--awb-bg-size:cover;width:50%;width:calc(50% - ( ( 4% ) * 0.5 ) );margin-right: 4%;\"><div class=\"fusion-column-wrapper fusion-flex-column-wrapper-legacy\"><div class=\"fusion-title title fusion-title-1 fusion-sep-none fusion-title-text fusion-title-size-one\"><h1 class=\"fusion-title-heading title-heading-left fusion-responsive-typography-calculated\" style=\"margin:0;--fontSize:34;line-height:1.41;\"><strong>VORTEILE<\/strong><\/h1><\/div><ul style=\"--awb-line-height:23.8px;--awb-icon-width:23.8px;--awb-icon-height:23.8px;--awb-icon-margin:9.8px;--awb-content-margin:33.6px;--awb-circlecolor:#67b7e1;--awb-circle-yes-font-size:12.32px;\" class=\"fusion-checklist fusion-checklist-1 fusion-checklist-default type-icons\"><li class=\"fusion-li-item\" style=\"\"><span class=\"icon-wrapper circle-yes\"><i class=\"fusion-li-icon fa-check-circle fas\" aria-hidden=\"true\"><\/i><\/span><div class=\"fusion-li-item-content\">\n<p>Sichere Sprache und<\/p>\n<\/div><\/li><li class=\"fusion-li-item\" style=\"\"><span class=\"icon-wrapper circle-yes\"><i class=\"fusion-li-icon fa-check-circle fas\" aria-hidden=\"true\"><\/i><\/span><div class=\"fusion-li-item-content\">\n<p>Konferenzgespr\u00e4che<\/p>\n<\/div><\/li><li class=\"fusion-li-item\" style=\"\"><span class=\"icon-wrapper circle-yes\"><i class=\"fusion-li-icon fa-check-circle fas\" aria-hidden=\"true\"><\/i><\/span><div class=\"fusion-li-item-content\">\n<p>Chat + Dateitransfer<\/p>\n<\/div><\/li><li class=\"fusion-li-item\" style=\"\"><span class=\"icon-wrapper circle-yes\"><i class=\"fusion-li-icon fa-check-circle fas\" aria-hidden=\"true\"><\/i><\/span><div class=\"fusion-li-item-content\">\n<p>Multi-Plattform: iOS, Android und PC-Client<\/p>\n<\/div><\/li><li class=\"fusion-li-item\" style=\"\"><span class=\"icon-wrapper circle-yes\"><i class=\"fusion-li-icon fa-check-circle fas\" aria-hidden=\"true\"><\/i><\/span><div class=\"fusion-li-item-content\">\n<p>GUI: DE, EN, RU, ES, simpli\ufb01ed CN<\/p>\n<\/div><\/li><li class=\"fusion-li-item\" style=\"\"><span class=\"icon-wrapper circle-yes\"><i class=\"fusion-li-icon fa-check-circle fas\" aria-hidden=\"true\"><\/i><\/span><div class=\"fusion-li-item-content\">\n<p>Self-Administration m\u00f6glich<\/p>\n<\/div><\/li><\/ul><div class=\"fusion-clearfix\"><\/div><\/div><\/div><div class=\"fusion-layout-column fusion_builder_column fusion-builder-column-1 fusion_builder_column_1_2 1_2 fusion-one-half fusion-column-last\" style=\"--awb-bg-size:cover;width:50%;width:calc(50% - ( ( 4% ) * 0.5 ) );\"><div class=\"fusion-column-wrapper fusion-flex-column-wrapper-legacy\"><div class=\"fusion-title title fusion-title-2 fusion-sep-none fusion-title-text fusion-title-size-one\"><h1 class=\"fusion-title-heading title-heading-left fusion-responsive-typography-calculated\" style=\"margin:0;--fontSize:34;line-height:1.41;\"><strong>BESONDERHEITEN<\/strong><\/h1><\/div><ul style=\"--awb-line-height:23.8px;--awb-icon-width:23.8px;--awb-icon-height:23.8px;--awb-icon-margin:9.8px;--awb-content-margin:33.6px;--awb-circlecolor:#67b7e1;--awb-circle-yes-font-size:12.32px;\" class=\"fusion-checklist fusion-checklist-2 fusion-checklist-default type-icons\"><li class=\"fusion-li-item\" style=\"\"><span class=\"icon-wrapper circle-yes\"><i class=\"fusion-li-icon fa-hand-pointer fas\" aria-hidden=\"true\"><\/i><\/span><div class=\"fusion-li-item-content\">\n<p>Admin legt eigenes Telefonbuch pro Nutzer an<\/p>\n<\/div><\/li><li class=\"fusion-li-item\" style=\"\"><span class=\"icon-wrapper circle-yes\"><i class=\"fusion-li-icon fa-hand-pointer fas\" aria-hidden=\"true\"><\/i><\/span><div class=\"fusion-li-item-content\">\n<p>Daten bleiben am Server und werden immer vom Server geladen<\/p>\n<\/div><\/li><li class=\"fusion-li-item\" style=\"\"><span class=\"icon-wrapper circle-yes\"><i class=\"fusion-li-icon fa-hand-pointer fas\" aria-hidden=\"true\"><\/i><\/span><div class=\"fusion-li-item-content\">\n<p>Features wie Voice, Conference, Chat, File-Transfer, getrennt buchbar \u2013 z.B. auch Chat-only ist m\u00f6glich<\/p>\n<\/div><\/li><li class=\"fusion-li-item\" style=\"\"><span class=\"icon-wrapper circle-yes\"><i class=\"fusion-li-icon fa-hand-pointer fas\" aria-hidden=\"true\"><\/i><\/span><div class=\"fusion-li-item-content\">\n<p>User-gebundene Lizenz auf beliebig vielen Endger\u00e4ten.<\/p>\n<\/div><\/li><li class=\"fusion-li-item\" style=\"\"><span class=\"icon-wrapper circle-yes\"><i class=\"fusion-li-icon fa-hand-pointer fas\" aria-hidden=\"true\"><\/i><\/span><div class=\"fusion-li-item-content\">\n<p>On-Premise oder as a Service by ICSL verf\u00fcgbar<\/p>\n<\/div><\/li><\/ul><div class=\"fusion-clearfix\"><\/div><\/div><\/div><\/div><\/div><div class=\"fusion-fullwidth fullwidth-box fusion-builder-row-2 nonhundred-percent-fullwidth non-hundred-percent-height-scrolling\" style=\"--awb-border-radius-top-left:0px;--awb-border-radius-top-right:0px;--awb-border-radius-bottom-right:0px;--awb-border-radius-bottom-left:0px;--awb-flex-wrap:wrap;\" ><div class=\"fusion-builder-row fusion-row\"><div class=\"fusion-layout-column fusion_builder_column fusion-builder-column-2 fusion_builder_column_1_1 1_1 fusion-one-full fusion-column-first fusion-column-last\" style=\"--awb-bg-size:cover;\"><div class=\"fusion-column-wrapper fusion-flex-column-wrapper-legacy\"><div class=\"fusion-title title fusion-title-3 fusion-sep-none fusion-title-text fusion-title-size-one\"><h1 class=\"fusion-title-heading title-heading-left fusion-responsive-typography-calculated\" style=\"margin:0;--fontSize:34;line-height:1.41;\"><strong>ZULASSUNG<\/strong><\/h1><\/div><div class=\"fusion-text fusion-text-1\"><p><span class=\"TextRun SCXW144531365 BCX8\" lang=\"DE-AT\" xml:lang=\"DE-AT\" data-contrast=\"auto\"><span class=\"NormalTextRun SCXW144531365 BCX8\">Silentel verf\u00fcgt \u00fcber <\/span><\/span><span class=\"TextRun SCXW144531365 BCX8\" lang=\"DE-AT\" xml:lang=\"DE-AT\" data-contrast=\"auto\"><span class=\"NormalTextRun SCXW144531365 BCX8\"><strong>durchgehende NATO-Zulassungen<\/strong> seit 2010<\/span><\/span><span class=\"TextRun SCXW144531365 BCX8\" lang=\"DE-AT\" xml:lang=\"DE-AT\" data-contrast=\"auto\"><span class=\"NormalTextRun SCXW144531365 BCX8\"> und ist in mehreren L\u00e4ndern <\/span><\/span><span class=\"TextRun SCXW144531365 BCX8\" lang=\"DE-AT\" xml:lang=\"DE-AT\" data-contrast=\"auto\"><span class=\"NormalTextRun SCXW144531365 BCX8\">national f\u00fcr den Umgang mit Verschlusssachen <\/span><\/span><span class=\"TextRun SCXW144531365 BCX8\" lang=\"DE-AT\" xml:lang=\"DE-AT\" data-contrast=\"auto\"><span class=\"NormalTextRun SCXW144531365 BCX8\">(bis zu VS\u2013eingeschr\u00e4nkt)<\/span><\/span><span class=\"TextRun SCXW144531365 BCX8\" lang=\"DE-AT\" xml:lang=\"DE-AT\" data-contrast=\"auto\"><span class=\"NormalTextRun SCXW144531365 BCX8\">\u00a0zertifiziert.<\/span><\/span><span class=\"LineBreakBlob BlobObject DragDrop SCXW144531365 BCX8\"><span class=\"SCXW144531365 BCX8\">\u00a0<\/span><br class=\"SCXW144531365 BCX8\" \/><\/span><span class=\"TextRun SCXW144531365 BCX8\" lang=\"DE-AT\" xml:lang=\"DE-AT\" data-contrast=\"auto\"><span class=\"NormalTextRun SCXW144531365 BCX8\">Diese kontinuierlichen Anerkennungen best\u00e4tigen das dauerhaft hohe Sicherheitsniveau der L\u00f6sung und ihre Eignung f\u00fcr den Einsatz in beh\u00f6rdlichen und sicherheitskritischen Umgebungen<\/span><\/span><\/p>\n<\/div><div class=\"fusion-clearfix\"><\/div><\/div><\/div><\/div><\/div><div id=\"silasde\" class=\"fusion-container-anchor\"><div class=\"fusion-fullwidth fullwidth-box fusion-builder-row-3 nonhundred-percent-fullwidth non-hundred-percent-height-scrolling\" style=\"--awb-border-radius-top-left:0px;--awb-border-radius-top-right:0px;--awb-border-radius-bottom-right:0px;--awb-border-radius-bottom-left:0px;--awb-flex-wrap:wrap;\" ><div class=\"fusion-builder-row fusion-row\"><div class=\"fusion-layout-column fusion_builder_column fusion-builder-column-3 fusion_builder_column_1_1 1_1 fusion-one-full fusion-column-first fusion-column-last\" style=\"--awb-bg-size:cover;\"><div class=\"fusion-column-wrapper fusion-flex-column-wrapper-legacy\"><div class=\"fusion-title title fusion-title-4 fusion-sep-none fusion-title-text fusion-title-size-one\"><h1 class=\"fusion-title-heading title-heading-left fusion-responsive-typography-calculated\" style=\"margin:0;--fontSize:34;line-height:1.41;\"><strong>Silentel as a Service (by ICSL)<\/strong><\/h1><\/div><div class=\"fusion-text fusion-text-2\"><p>Sie m\u00f6chten Silentel sofort einsetzen, ohne dass Sie in Back-End Infrastruktur \/ Server investieren m\u00fcssen?<\/p>\n<p>Starten Sie mit Silentel as a Service<\/p>\n<\/div><div class=\"fusion-clearfix\"><\/div><\/div><\/div><\/div><\/div><\/div><div class=\"fusion-fullwidth fullwidth-box fusion-builder-row-4 nonhundred-percent-fullwidth non-hundred-percent-height-scrolling\" style=\"--awb-border-radius-top-left:0px;--awb-border-radius-top-right:0px;--awb-border-radius-bottom-right:0px;--awb-border-radius-bottom-left:0px;--awb-flex-wrap:wrap;\" ><div class=\"fusion-builder-row fusion-row\"><div class=\"fusion-layout-column fusion_builder_column fusion-builder-column-4 fusion_builder_column_1_2 1_2 fusion-one-half fusion-column-first\" style=\"--awb-bg-size:cover;width:50%;width:calc(50% - ( ( 4% ) * 0.5 ) );margin-right: 4%;\"><div class=\"fusion-column-wrapper fusion-flex-column-wrapper-legacy\"><div class=\"fusion-title title fusion-title-5 fusion-sep-none fusion-title-text fusion-title-size-one\"><h1 class=\"fusion-title-heading title-heading-left fusion-responsive-typography-calculated\" style=\"margin:0;--fontSize:34;line-height:1.41;\"><strong>VORTEILE<\/strong><\/h1><\/div><ul style=\"--awb-line-height:23.8px;--awb-icon-width:23.8px;--awb-icon-height:23.8px;--awb-icon-margin:9.8px;--awb-content-margin:33.6px;--awb-circlecolor:#67b7e1;--awb-circle-yes-font-size:12.32px;\" class=\"fusion-checklist fusion-checklist-3 fusion-checklist-default type-icons\"><li class=\"fusion-li-item\" style=\"\"><span class=\"icon-wrapper circle-yes\"><i class=\"fusion-li-icon fa-check-circle fas\" aria-hidden=\"true\"><\/i><\/span><div class=\"fusion-li-item-content\">\n<p>Sofort einsetzbar<\/p>\n<\/div><\/li><li class=\"fusion-li-item\" style=\"\"><span class=\"icon-wrapper circle-yes\"><i class=\"fusion-li-icon fa-check-circle fas\" aria-hidden=\"true\"><\/i><\/span><div class=\"fusion-li-item-content\">\n<p>Keine Investitionen in Server<\/p>\n<\/div><\/li><li class=\"fusion-li-item\" style=\"\"><span class=\"icon-wrapper circle-yes\"><i class=\"fusion-li-icon fa-check-circle fas\" aria-hidden=\"true\"><\/i><\/span><div class=\"fusion-li-item-content\">\n<p>Keine Kosten f\u00fcr Connectivity, Manpower, etc.<\/p>\n<\/div><\/li><li class=\"fusion-li-item\" style=\"\"><span class=\"icon-wrapper circle-yes\"><i class=\"fusion-li-icon fa-check-circle fas\" aria-hidden=\"true\"><\/i><\/span><div class=\"fusion-li-item-content\">\n<p>Features frei w\u00e4hlbar<\/p>\n<\/div><\/li><\/ul><div class=\"fusion-clearfix\"><\/div><\/div><\/div><div class=\"fusion-layout-column fusion_builder_column fusion-builder-column-5 fusion_builder_column_1_2 1_2 fusion-one-half fusion-column-last\" style=\"--awb-bg-size:cover;width:50%;width:calc(50% - ( ( 4% ) * 0.5 ) );\"><div class=\"fusion-column-wrapper fusion-flex-column-wrapper-legacy\"><div class=\"fusion-title title fusion-title-6 fusion-sep-none fusion-title-text fusion-title-size-one\"><h1 class=\"fusion-title-heading title-heading-left fusion-responsive-typography-calculated\" style=\"margin:0;--fontSize:34;line-height:1.41;\"><strong>BESONDERHEITEN<\/strong><\/h1><\/div><ul style=\"--awb-line-height:23.8px;--awb-icon-width:23.8px;--awb-icon-height:23.8px;--awb-icon-margin:9.8px;--awb-content-margin:33.6px;--awb-circlecolor:#67b7e1;--awb-circle-yes-font-size:12.32px;\" class=\"fusion-checklist fusion-checklist-4 fusion-checklist-default type-icons\"><li class=\"fusion-li-item\" style=\"\"><span class=\"icon-wrapper circle-yes\"><i class=\"fusion-li-icon fa-hand-pointer fas\" aria-hidden=\"true\"><\/i><\/span><div class=\"fusion-li-item-content\">\n<p>ICSL hat die Silentel Infrastruktur in einem ISO27001 zertifizierten Rechenzentrum in \u00d6sterreich aufgebaut.<\/p>\n<\/div><\/li><li class=\"fusion-li-item\" style=\"\"><span class=\"icon-wrapper circle-yes\"><i class=\"fusion-li-icon fa-hand-pointer fas\" aria-hidden=\"true\"><\/i><\/span><div class=\"fusion-li-item-content\">\n<p>Keine Abh\u00f6rm\u00f6glichkeiten \u2013 f\u00fcr niemanden &#8211; auch nicht f\u00fcr Sys-Adminis.<\/p>\n<\/div><\/li><li class=\"fusion-li-item\" style=\"\"><span class=\"icon-wrapper circle-yes\"><i class=\"fusion-li-icon fa-hand-pointer fas\" aria-hidden=\"true\"><\/i><\/span><div class=\"fusion-li-item-content\">\n<p>Self-Administration von Accounts trotzdem m\u00f6glich<\/p>\n<\/div><\/li><\/ul><div class=\"fusion-clearfix\"><\/div><\/div><\/div><\/div><\/div><\/p>\n","protected":false},"excerpt":{"rendered":"","protected":false},"author":9,"featured_media":0,"parent":15118,"menu_order":0,"comment_status":"closed","ping_status":"closed","template":"side-navigation.php","meta":{"footnotes":""},"class_list":["post-17801","page","type-page","status-publish","hentry"],"yoast_head":"<!-- This site is optimized with the Yoast SEO plugin v26.7 - https:\/\/yoast.com\/wordpress\/plugins\/seo\/ -->\n<title>Silentel | NATO-genehmigte sichere Kommunikationsl\u00f6sung | ICSL GmbH<\/title>\n<meta name=\"description\" content=\"Silentel: verschl\u00fcsselte Anrufe, Nachrichten &amp; Dateitransfers. On-Premise oder als Service mit NATO-Zulassung. Jetzt bei ICSG GmbH erfahren.\" \/>\n<meta name=\"robots\" content=\"index, follow, max-snippet:-1, max-image-preview:large, max-video-preview:-1\" \/>\n<link rel=\"canonical\" href=\"https:\/\/icsl.at\/de\/produkte\/silentel-aas\/\" \/>\n<meta property=\"og:locale\" content=\"de_DE\" \/>\n<meta property=\"og:type\" content=\"article\" \/>\n<meta property=\"og:title\" content=\"Silentel | NATO-genehmigte sichere Kommunikationsl\u00f6sung | ICSL GmbH\" \/>\n<meta property=\"og:description\" content=\"Silentel: verschl\u00fcsselte Anrufe, Nachrichten &amp; Dateitransfers. On-Premise oder als Service mit NATO-Zulassung. Jetzt bei ICSG GmbH erfahren.\" \/>\n<meta property=\"og:url\" content=\"https:\/\/icsl.at\/de\/produkte\/silentel-aas\/\" \/>\n<meta property=\"og:site_name\" content=\"ICSL GmbH\" \/>\n<meta property=\"article:modified_time\" content=\"2026-01-14T15:41:34+00:00\" \/>\n<meta name=\"twitter:label1\" content=\"Gesch\u00e4tzte Lesezeit\" \/>\n\t<meta name=\"twitter:data1\" content=\"1\u00a0Minute\" \/>\n<script type=\"application\/ld+json\" class=\"yoast-schema-graph\">{\"@context\":\"https:\/\/schema.org\",\"@graph\":[{\"@type\":\"WebPage\",\"@id\":\"https:\/\/icsl.at\/de\/produkte\/silentel-aas\/\",\"url\":\"https:\/\/icsl.at\/de\/produkte\/silentel-aas\/\",\"name\":\"Silentel | NATO-genehmigte sichere Kommunikationsl\u00f6sung | ICSL GmbH\",\"isPartOf\":{\"@id\":\"https:\/\/icsl.at\/#website\"},\"datePublished\":\"2026-01-14T12:45:00+00:00\",\"dateModified\":\"2026-01-14T15:41:34+00:00\",\"description\":\"Silentel: verschl\u00fcsselte Anrufe, Nachrichten & Dateitransfers. On-Premise oder als Service mit NATO-Zulassung. Jetzt bei ICSG GmbH erfahren.\",\"breadcrumb\":{\"@id\":\"https:\/\/icsl.at\/de\/produkte\/silentel-aas\/#breadcrumb\"},\"inLanguage\":\"de\",\"potentialAction\":[{\"@type\":\"ReadAction\",\"target\":[\"https:\/\/icsl.at\/de\/produkte\/silentel-aas\/\"]}]},{\"@type\":\"BreadcrumbList\",\"@id\":\"https:\/\/icsl.at\/de\/produkte\/silentel-aas\/#breadcrumb\",\"itemListElement\":[{\"@type\":\"ListItem\",\"position\":1,\"name\":\"Home\",\"item\":\"https:\/\/icsl.at\/de\/\"},{\"@type\":\"ListItem\",\"position\":2,\"name\":\"PRODUKTE\",\"item\":\"https:\/\/icsl.at\/de\/produkte\/\"},{\"@type\":\"ListItem\",\"position\":3,\"name\":\"SILENTEL as a Service (by ICSL)\"}]},{\"@type\":\"WebSite\",\"@id\":\"https:\/\/icsl.at\/#website\",\"url\":\"https:\/\/icsl.at\/\",\"name\":\"ICSL GmbH\",\"description\":\"Consulting for Information-Technology and Telecommunications GmbH\",\"publisher\":{\"@id\":\"https:\/\/icsl.at\/#organization\"},\"potentialAction\":[{\"@type\":\"SearchAction\",\"target\":{\"@type\":\"EntryPoint\",\"urlTemplate\":\"https:\/\/icsl.at\/?s={search_term_string}\"},\"query-input\":{\"@type\":\"PropertyValueSpecification\",\"valueRequired\":true,\"valueName\":\"search_term_string\"}}],\"inLanguage\":\"de\"},{\"@type\":\"Organization\",\"@id\":\"https:\/\/icsl.at\/#organization\",\"name\":\"ICSL GmbH\",\"url\":\"https:\/\/icsl.at\/\",\"logo\":{\"@type\":\"ImageObject\",\"inLanguage\":\"de\",\"@id\":\"https:\/\/icsl.at\/#\/schema\/logo\/image\/\",\"url\":\"https:\/\/icsl.at\/wp-content\/uploads\/2019\/05\/ICSL_LOGO_B.png\",\"contentUrl\":\"https:\/\/icsl.at\/wp-content\/uploads\/2019\/05\/ICSL_LOGO_B.png\",\"width\":591,\"height\":578,\"caption\":\"ICSL GmbH\"},\"image\":{\"@id\":\"https:\/\/icsl.at\/#\/schema\/logo\/image\/\"}}]}<\/script>\n<!-- \/ Yoast SEO plugin. -->","yoast_head_json":{"title":"Silentel | NATO-genehmigte sichere Kommunikationsl\u00f6sung | ICSL GmbH","description":"Silentel: verschl\u00fcsselte Anrufe, Nachrichten & Dateitransfers. On-Premise oder als Service mit NATO-Zulassung. Jetzt bei ICSG GmbH erfahren.","robots":{"index":"index","follow":"follow","max-snippet":"max-snippet:-1","max-image-preview":"max-image-preview:large","max-video-preview":"max-video-preview:-1"},"canonical":"https:\/\/icsl.at\/de\/produkte\/silentel-aas\/","og_locale":"de_DE","og_type":"article","og_title":"Silentel | NATO-genehmigte sichere Kommunikationsl\u00f6sung | ICSL GmbH","og_description":"Silentel: verschl\u00fcsselte Anrufe, Nachrichten & Dateitransfers. On-Premise oder als Service mit NATO-Zulassung. Jetzt bei ICSG GmbH erfahren.","og_url":"https:\/\/icsl.at\/de\/produkte\/silentel-aas\/","og_site_name":"ICSL GmbH","article_modified_time":"2026-01-14T15:41:34+00:00","twitter_misc":{"Gesch\u00e4tzte Lesezeit":"1\u00a0Minute"},"schema":{"@context":"https:\/\/schema.org","@graph":[{"@type":"WebPage","@id":"https:\/\/icsl.at\/de\/produkte\/silentel-aas\/","url":"https:\/\/icsl.at\/de\/produkte\/silentel-aas\/","name":"Silentel | NATO-genehmigte sichere Kommunikationsl\u00f6sung | ICSL GmbH","isPartOf":{"@id":"https:\/\/icsl.at\/#website"},"datePublished":"2026-01-14T12:45:00+00:00","dateModified":"2026-01-14T15:41:34+00:00","description":"Silentel: verschl\u00fcsselte Anrufe, Nachrichten & Dateitransfers. On-Premise oder als Service mit NATO-Zulassung. Jetzt bei ICSG GmbH erfahren.","breadcrumb":{"@id":"https:\/\/icsl.at\/de\/produkte\/silentel-aas\/#breadcrumb"},"inLanguage":"de","potentialAction":[{"@type":"ReadAction","target":["https:\/\/icsl.at\/de\/produkte\/silentel-aas\/"]}]},{"@type":"BreadcrumbList","@id":"https:\/\/icsl.at\/de\/produkte\/silentel-aas\/#breadcrumb","itemListElement":[{"@type":"ListItem","position":1,"name":"Home","item":"https:\/\/icsl.at\/de\/"},{"@type":"ListItem","position":2,"name":"PRODUKTE","item":"https:\/\/icsl.at\/de\/produkte\/"},{"@type":"ListItem","position":3,"name":"SILENTEL as a Service (by ICSL)"}]},{"@type":"WebSite","@id":"https:\/\/icsl.at\/#website","url":"https:\/\/icsl.at\/","name":"ICSL GmbH","description":"Consulting for Information-Technology and Telecommunications GmbH","publisher":{"@id":"https:\/\/icsl.at\/#organization"},"potentialAction":[{"@type":"SearchAction","target":{"@type":"EntryPoint","urlTemplate":"https:\/\/icsl.at\/?s={search_term_string}"},"query-input":{"@type":"PropertyValueSpecification","valueRequired":true,"valueName":"search_term_string"}}],"inLanguage":"de"},{"@type":"Organization","@id":"https:\/\/icsl.at\/#organization","name":"ICSL GmbH","url":"https:\/\/icsl.at\/","logo":{"@type":"ImageObject","inLanguage":"de","@id":"https:\/\/icsl.at\/#\/schema\/logo\/image\/","url":"https:\/\/icsl.at\/wp-content\/uploads\/2019\/05\/ICSL_LOGO_B.png","contentUrl":"https:\/\/icsl.at\/wp-content\/uploads\/2019\/05\/ICSL_LOGO_B.png","width":591,"height":578,"caption":"ICSL GmbH"},"image":{"@id":"https:\/\/icsl.at\/#\/schema\/logo\/image\/"}}]}},"_links":{"self":[{"href":"https:\/\/icsl.at\/de\/wp-json\/wp\/v2\/pages\/17801","targetHints":{"allow":["GET"]}}],"collection":[{"href":"https:\/\/icsl.at\/de\/wp-json\/wp\/v2\/pages"}],"about":[{"href":"https:\/\/icsl.at\/de\/wp-json\/wp\/v2\/types\/page"}],"author":[{"embeddable":true,"href":"https:\/\/icsl.at\/de\/wp-json\/wp\/v2\/users\/9"}],"replies":[{"embeddable":true,"href":"https:\/\/icsl.at\/de\/wp-json\/wp\/v2\/comments?post=17801"}],"version-history":[{"count":1,"href":"https:\/\/icsl.at\/de\/wp-json\/wp\/v2\/pages\/17801\/revisions"}],"predecessor-version":[{"id":17803,"href":"https:\/\/icsl.at\/de\/wp-json\/wp\/v2\/pages\/17801\/revisions\/17803"}],"up":[{"embeddable":true,"href":"https:\/\/icsl.at\/de\/wp-json\/wp\/v2\/pages\/15118"}],"wp:attachment":[{"href":"https:\/\/icsl.at\/de\/wp-json\/wp\/v2\/media?parent=17801"}],"curies":[{"name":"wp","href":"https:\/\/api.w.org\/{rel}","templated":true}]}}