{"id":15118,"date":"2018-06-14T16:33:03","date_gmt":"2018-06-14T14:33:03","guid":{"rendered":"https:\/\/icsl.at\/?page_id=15118"},"modified":"2026-01-14T14:09:35","modified_gmt":"2026-01-14T13:09:35","slug":"produkte","status":"publish","type":"page","link":"https:\/\/icsl.at\/de\/produkte\/","title":{"rendered":"PRODUKTE"},"content":{"rendered":"<div class=\"fusion-fullwidth fullwidth-box fusion-builder-row-1 nonhundred-percent-fullwidth non-hundred-percent-height-scrolling\" style=\"--awb-border-radius-top-left:0px;--awb-border-radius-top-right:0px;--awb-border-radius-bottom-right:0px;--awb-border-radius-bottom-left:0px;--awb-flex-wrap:wrap;\" ><div class=\"fusion-builder-row fusion-row\"><div class=\"fusion-layout-column fusion_builder_column fusion-builder-column-0 fusion_builder_column_1_1 1_1 fusion-one-full fusion-column-first fusion-column-last\" style=\"--awb-bg-size:cover;\"><div class=\"fusion-column-wrapper fusion-flex-column-wrapper-legacy\"><div class=\"accordian fusion-accordian\" style=\"--awb-border-size:1px;--awb-icon-size:13px;--awb-content-font-size:15px;--awb-icon-alignment:left;--awb-hover-color:#f9f9f9;--awb-border-color:#cccccc;--awb-background-color:#ffffff;--awb-divider-color:#e0dede;--awb-divider-hover-color:#e0dede;--awb-icon-color:#ffffff;--awb-title-color:#333333;--awb-content-color:#747474;--awb-icon-box-color:#67b7e1;--awb-toggle-hover-accent-color:#00afe7;--awb-title-font-family:&quot;Scada&quot;;--awb-title-font-weight:400;--awb-title-font-style:normal;--awb-title-font-size:22px;--awb-content-font-family:&quot;Scada&quot;;--awb-content-font-style:normal;--awb-content-font-weight:400;\"><div class=\"panel-group fusion-toggle-icon-boxed\" id=\"accordion-15118-1\"><div class=\"fusion-panel panel-default panel-b325838f82cca7b36 fusion-toggle-no-divider\"><div class=\"panel-heading\"><h4 class=\"panel-title toggle\" id=\"toggle_b325838f82cca7b36\"><a class=\"active\" aria-expanded=\"true\" aria-controls=\"b325838f82cca7b36\" role=\"button\" data-toggle=\"collapse\" data-parent=\"#accordion-15118-1\" data-target=\"#b325838f82cca7b36\" href=\"#b325838f82cca7b36\"><span class=\"fusion-toggle-icon-wrapper\" aria-hidden=\"true\"><i class=\"fa-fusion-box active-icon awb-icon-minus\" aria-hidden=\"true\"><\/i><i class=\"fa-fusion-box inactive-icon awb-icon-plus\" aria-hidden=\"true\"><\/i><\/span><span class=\"fusion-toggle-heading\">Regierungsl\u00f6sungen auch f\u00fcr Unternehmen und VIPs!<\/span><\/a><\/h4><\/div><div id=\"b325838f82cca7b36\" class=\"panel-collapse collapse in\" aria-labelledby=\"toggle_b325838f82cca7b36\"><div class=\"panel-body toggle-content fusion-clearfix\">\n<p>Es gibt keine L\u00f6sungen am Markt die garantierte, \u00fcberpr\u00fcfte, dokumentierte Sicherheit in dieser Form bieten. Regierungen betreiben einen Riesenaufwand, bevor sie L\u00f6sungen f\u00fcr die Verwendung f\u00fcr klassi\ufb01zierte Information zulassen. Warum sich als Unternehmen mit weniger zufrieden geben?<\/p>\n<p>Deswegen gibt es bei ICSL auch nur Regierungsl\u00f6sungen \u2013 auch f\u00fcr Unternehmenskunden und VIPs!<\/p>\n<\/div><\/div><\/div><div class=\"fusion-panel panel-default panel-747e5c6143d16ac05 fusion-toggle-no-divider\"><div class=\"panel-heading\"><h4 class=\"panel-title toggle\" id=\"toggle_747e5c6143d16ac05\"><a aria-expanded=\"false\" aria-controls=\"747e5c6143d16ac05\" role=\"button\" data-toggle=\"collapse\" data-parent=\"#accordion-15118-1\" data-target=\"#747e5c6143d16ac05\" href=\"#747e5c6143d16ac05\"><span class=\"fusion-toggle-icon-wrapper\" aria-hidden=\"true\"><i class=\"fa-fusion-box active-icon awb-icon-minus\" aria-hidden=\"true\"><\/i><i class=\"fa-fusion-box inactive-icon awb-icon-plus\" aria-hidden=\"true\"><\/i><\/span><span class=\"fusion-toggle-heading\">Regierungsl\u00f6sung as a Service<\/span><\/a><\/h4><\/div><div id=\"747e5c6143d16ac05\" class=\"panel-collapse collapse \" aria-labelledby=\"toggle_747e5c6143d16ac05\"><div class=\"panel-body toggle-content fusion-clearfix\">\n<p>ICSL hat f\u00fcr alle angebotenen L\u00f6sungen die komplette Backend-Infrastruktur aufgebaut, wie diese sonst On-Premise an Regierungen geliefert wird und betreibt diese Infrastruktur as a Service f\u00fcr alle Kunden. Somit brauchen Sie nur Ihr Mobiltelefon, die entsprechende App vom Appstore und die Zugangsdaten zu unserer Infrastruktur.<\/p>\n<\/div><\/div><\/div><div class=\"fusion-panel panel-default panel-fcf698d7a1aad7098 fusion-toggle-no-divider\"><div class=\"panel-heading\"><h4 class=\"panel-title toggle\" id=\"toggle_fcf698d7a1aad7098\"><a aria-expanded=\"false\" aria-controls=\"fcf698d7a1aad7098\" role=\"button\" data-toggle=\"collapse\" data-parent=\"#accordion-15118-1\" data-target=\"#fcf698d7a1aad7098\" href=\"#fcf698d7a1aad7098\"><span class=\"fusion-toggle-icon-wrapper\" aria-hidden=\"true\"><i class=\"fa-fusion-box active-icon awb-icon-minus\" aria-hidden=\"true\"><\/i><i class=\"fa-fusion-box inactive-icon awb-icon-plus\" aria-hidden=\"true\"><\/i><\/span><span class=\"fusion-toggle-heading\">Garantierte Sicherheit <\/span><\/a><\/h4><\/div><div id=\"fcf698d7a1aad7098\" class=\"panel-collapse collapse \" aria-labelledby=\"toggle_fcf698d7a1aad7098\"><div class=\"panel-body toggle-content fusion-clearfix\">\n<p>Verlassen Sie sich auf die mehrfach \u00fcberpr\u00fcfte Sicherheit unserer L\u00f6sungen! Salesversprechen sind zu wenig! Es gibt viele L\u00f6sungen aber nur eine Handvoll L\u00f6sungen die auch von Beh\u00f6rden selbst gekauft und verwendet werden d\u00fcrfen.<\/p>\n<\/div><\/div><\/div><div class=\"fusion-panel panel-default panel-63fd46d738fa82ecf fusion-toggle-no-divider\"><div class=\"panel-heading\"><h4 class=\"panel-title toggle\" id=\"toggle_63fd46d738fa82ecf\"><a aria-expanded=\"false\" aria-controls=\"63fd46d738fa82ecf\" role=\"button\" data-toggle=\"collapse\" data-parent=\"#accordion-15118-1\" data-target=\"#63fd46d738fa82ecf\" href=\"#63fd46d738fa82ecf\"><span class=\"fusion-toggle-icon-wrapper\" aria-hidden=\"true\"><i class=\"fa-fusion-box active-icon awb-icon-minus\" aria-hidden=\"true\"><\/i><i class=\"fa-fusion-box inactive-icon awb-icon-plus\" aria-hidden=\"true\"><\/i><\/span><span class=\"fusion-toggle-heading\">Global im Einsatz<\/span><\/a><\/h4><\/div><div id=\"63fd46d738fa82ecf\" class=\"panel-collapse collapse \" aria-labelledby=\"toggle_63fd46d738fa82ecf\"><div class=\"panel-body toggle-content fusion-clearfix\">\n<p>Die von uns angebotenen L\u00f6sungen sind bei Regierungen, F\u00fchrungsebenen von Top-Unternehmen und bei VIPs weltweit im Einsatz. Ist eine L\u00f6sung auch im Einsatz oder ist es alles nur Marketing? Ein Blick auf den google playstore unter \u201eAnzahl der Downloads\u201c erkl\u00e4rt dann alles\u2026<\/p>\n<\/div><\/div><\/div><div class=\"fusion-panel panel-default panel-c514f90897f418312 fusion-toggle-no-divider\"><div class=\"panel-heading\"><h4 class=\"panel-title toggle\" id=\"toggle_c514f90897f418312\"><a aria-expanded=\"false\" aria-controls=\"c514f90897f418312\" role=\"button\" data-toggle=\"collapse\" data-parent=\"#accordion-15118-1\" data-target=\"#c514f90897f418312\" href=\"#c514f90897f418312\"><span class=\"fusion-toggle-icon-wrapper\" aria-hidden=\"true\"><i class=\"fa-fusion-box active-icon awb-icon-minus\" aria-hidden=\"true\"><\/i><i class=\"fa-fusion-box inactive-icon awb-icon-plus\" aria-hidden=\"true\"><\/i><\/span><span class=\"fusion-toggle-heading\">Ihre Bed\u00fcrfnisse \u2013 unsere L\u00f6sungen \u2013 auch individuell<\/span><\/a><\/h4><\/div><div id=\"c514f90897f418312\" class=\"panel-collapse collapse \" aria-labelledby=\"toggle_c514f90897f418312\"><div class=\"panel-body toggle-content fusion-clearfix\">\n<p>Die Spezialit\u00e4t von ICSL ist es, dass wir gerne auch Ihre L\u00f6sung f\u00fcr abh\u00f6rsichere Kommunikation und Authentisierung mit Ihnen designen. Unser \u201eSortiment\u201c an Basisl\u00f6sungen deckt zwar einen sehr gro\u00dfen Prozentsatz der Kundenanforderungen ab, aber sollten Ihre Anforderungen spezieller sein, finden wir sicher eine L\u00f6sung f\u00fcr Sie! Sprechen Sie mit uns!<\/p>\n<\/div><\/div><\/div><\/div><\/div><div class=\"fusion-title title fusion-title-1 fusion-sep-none fusion-title-text fusion-title-size-one\" style=\"--awb-margin-top:30px;\"><h1 class=\"fusion-title-heading title-heading-left fusion-responsive-typography-calculated\" style=\"margin:0;--fontSize:34;line-height:1.41;\">Unsere \u201eBasisl\u00f6sungen\u201c f\u00fcr abh\u00f6rsichere Sprach- und Datenkommunikation f\u00fcr Beh\u00f6rden, Unternehmen, Privatpersonen.<\/h1><\/div><div class=\"fusion-title title fusion-title-2 fusion-title-text fusion-title-size-two\"><h2 class=\"fusion-title-heading title-heading-left fusion-responsive-typography-calculated\" style=\"margin:0;--fontSize:18;--minFontSize:18;line-height:1.5;\"><a href=\"https:\/\/icsl.at\/de\/produkte\/silentel-aas\/\"><i class=\"fb-icon-element-1 fb-icon-element fontawesome-icon fa-angle-double-right fas circle-no fusion-text-flow\" style=\"--awb-iconcolor:#67b7e1;--awb-iconcolor-hover:#67b7e1;--awb-font-size:26px;--awb-margin-right:13px;\"><\/i>Silentel<\/a><\/h2><span class=\"awb-title-spacer\"><\/span><div class=\"title-sep-container\"><div class=\"title-sep sep-double sep-solid\" style=\"border-color:#e0dede;\"><\/div><\/div><\/div><div class=\"fusion-text fusion-text-1\"><\/div><div class=\"fusion-clearfix\"><\/div><\/div><\/div><\/div><\/div>\n","protected":false},"excerpt":{"rendered":"","protected":false},"author":11,"featured_media":0,"parent":0,"menu_order":0,"comment_status":"closed","ping_status":"closed","template":"side-navigation.php","meta":{"footnotes":""},"class_list":["post-15118","page","type-page","status-publish","hentry"],"yoast_head":"<!-- This site is optimized with the Yoast SEO plugin v26.7 - https:\/\/yoast.com\/wordpress\/plugins\/seo\/ -->\n<title>PRODUKTE - ICSL GmbH<\/title>\n<meta name=\"robots\" content=\"index, follow, max-snippet:-1, max-image-preview:large, max-video-preview:-1\" \/>\n<link rel=\"canonical\" href=\"https:\/\/icsl.at\/de\/produkte\/\" \/>\n<meta property=\"og:locale\" content=\"de_DE\" \/>\n<meta property=\"og:type\" content=\"article\" \/>\n<meta property=\"og:title\" content=\"PRODUKTE - ICSL GmbH\" \/>\n<meta property=\"og:url\" content=\"https:\/\/icsl.at\/de\/produkte\/\" \/>\n<meta property=\"og:site_name\" content=\"ICSL GmbH\" \/>\n<meta property=\"article:modified_time\" content=\"2026-01-14T13:09:35+00:00\" \/>\n<meta name=\"twitter:label1\" content=\"Gesch\u00e4tzte Lesezeit\" \/>\n\t<meta name=\"twitter:data1\" content=\"2\u00a0Minuten\" \/>\n<script type=\"application\/ld+json\" class=\"yoast-schema-graph\">{\"@context\":\"https:\/\/schema.org\",\"@graph\":[{\"@type\":\"WebPage\",\"@id\":\"https:\/\/icsl.at\/de\/produkte\/\",\"url\":\"https:\/\/icsl.at\/de\/produkte\/\",\"name\":\"PRODUKTE - ICSL GmbH\",\"isPartOf\":{\"@id\":\"https:\/\/icsl.at\/#website\"},\"datePublished\":\"2018-06-14T14:33:03+00:00\",\"dateModified\":\"2026-01-14T13:09:35+00:00\",\"breadcrumb\":{\"@id\":\"https:\/\/icsl.at\/de\/produkte\/#breadcrumb\"},\"inLanguage\":\"de\",\"potentialAction\":[{\"@type\":\"ReadAction\",\"target\":[\"https:\/\/icsl.at\/de\/produkte\/\"]}]},{\"@type\":\"BreadcrumbList\",\"@id\":\"https:\/\/icsl.at\/de\/produkte\/#breadcrumb\",\"itemListElement\":[{\"@type\":\"ListItem\",\"position\":1,\"name\":\"Home\",\"item\":\"https:\/\/icsl.at\/de\/\"},{\"@type\":\"ListItem\",\"position\":2,\"name\":\"PRODUKTE\"}]},{\"@type\":\"WebSite\",\"@id\":\"https:\/\/icsl.at\/#website\",\"url\":\"https:\/\/icsl.at\/\",\"name\":\"ICSL GmbH\",\"description\":\"Consulting for Information-Technology and Telecommunications GmbH\",\"publisher\":{\"@id\":\"https:\/\/icsl.at\/#organization\"},\"potentialAction\":[{\"@type\":\"SearchAction\",\"target\":{\"@type\":\"EntryPoint\",\"urlTemplate\":\"https:\/\/icsl.at\/?s={search_term_string}\"},\"query-input\":{\"@type\":\"PropertyValueSpecification\",\"valueRequired\":true,\"valueName\":\"search_term_string\"}}],\"inLanguage\":\"de\"},{\"@type\":\"Organization\",\"@id\":\"https:\/\/icsl.at\/#organization\",\"name\":\"ICSL GmbH\",\"url\":\"https:\/\/icsl.at\/\",\"logo\":{\"@type\":\"ImageObject\",\"inLanguage\":\"de\",\"@id\":\"https:\/\/icsl.at\/#\/schema\/logo\/image\/\",\"url\":\"https:\/\/icsl.at\/wp-content\/uploads\/2019\/05\/ICSL_LOGO_B.png\",\"contentUrl\":\"https:\/\/icsl.at\/wp-content\/uploads\/2019\/05\/ICSL_LOGO_B.png\",\"width\":591,\"height\":578,\"caption\":\"ICSL GmbH\"},\"image\":{\"@id\":\"https:\/\/icsl.at\/#\/schema\/logo\/image\/\"}}]}<\/script>\n<!-- \/ Yoast SEO plugin. -->","yoast_head_json":{"title":"PRODUKTE - ICSL GmbH","robots":{"index":"index","follow":"follow","max-snippet":"max-snippet:-1","max-image-preview":"max-image-preview:large","max-video-preview":"max-video-preview:-1"},"canonical":"https:\/\/icsl.at\/de\/produkte\/","og_locale":"de_DE","og_type":"article","og_title":"PRODUKTE - ICSL GmbH","og_url":"https:\/\/icsl.at\/de\/produkte\/","og_site_name":"ICSL GmbH","article_modified_time":"2026-01-14T13:09:35+00:00","twitter_misc":{"Gesch\u00e4tzte Lesezeit":"2\u00a0Minuten"},"schema":{"@context":"https:\/\/schema.org","@graph":[{"@type":"WebPage","@id":"https:\/\/icsl.at\/de\/produkte\/","url":"https:\/\/icsl.at\/de\/produkte\/","name":"PRODUKTE - ICSL GmbH","isPartOf":{"@id":"https:\/\/icsl.at\/#website"},"datePublished":"2018-06-14T14:33:03+00:00","dateModified":"2026-01-14T13:09:35+00:00","breadcrumb":{"@id":"https:\/\/icsl.at\/de\/produkte\/#breadcrumb"},"inLanguage":"de","potentialAction":[{"@type":"ReadAction","target":["https:\/\/icsl.at\/de\/produkte\/"]}]},{"@type":"BreadcrumbList","@id":"https:\/\/icsl.at\/de\/produkte\/#breadcrumb","itemListElement":[{"@type":"ListItem","position":1,"name":"Home","item":"https:\/\/icsl.at\/de\/"},{"@type":"ListItem","position":2,"name":"PRODUKTE"}]},{"@type":"WebSite","@id":"https:\/\/icsl.at\/#website","url":"https:\/\/icsl.at\/","name":"ICSL GmbH","description":"Consulting for Information-Technology and Telecommunications GmbH","publisher":{"@id":"https:\/\/icsl.at\/#organization"},"potentialAction":[{"@type":"SearchAction","target":{"@type":"EntryPoint","urlTemplate":"https:\/\/icsl.at\/?s={search_term_string}"},"query-input":{"@type":"PropertyValueSpecification","valueRequired":true,"valueName":"search_term_string"}}],"inLanguage":"de"},{"@type":"Organization","@id":"https:\/\/icsl.at\/#organization","name":"ICSL GmbH","url":"https:\/\/icsl.at\/","logo":{"@type":"ImageObject","inLanguage":"de","@id":"https:\/\/icsl.at\/#\/schema\/logo\/image\/","url":"https:\/\/icsl.at\/wp-content\/uploads\/2019\/05\/ICSL_LOGO_B.png","contentUrl":"https:\/\/icsl.at\/wp-content\/uploads\/2019\/05\/ICSL_LOGO_B.png","width":591,"height":578,"caption":"ICSL GmbH"},"image":{"@id":"https:\/\/icsl.at\/#\/schema\/logo\/image\/"}}]}},"_links":{"self":[{"href":"https:\/\/icsl.at\/de\/wp-json\/wp\/v2\/pages\/15118","targetHints":{"allow":["GET"]}}],"collection":[{"href":"https:\/\/icsl.at\/de\/wp-json\/wp\/v2\/pages"}],"about":[{"href":"https:\/\/icsl.at\/de\/wp-json\/wp\/v2\/types\/page"}],"author":[{"embeddable":true,"href":"https:\/\/icsl.at\/de\/wp-json\/wp\/v2\/users\/11"}],"replies":[{"embeddable":true,"href":"https:\/\/icsl.at\/de\/wp-json\/wp\/v2\/comments?post=15118"}],"version-history":[{"count":21,"href":"https:\/\/icsl.at\/de\/wp-json\/wp\/v2\/pages\/15118\/revisions"}],"predecessor-version":[{"id":17832,"href":"https:\/\/icsl.at\/de\/wp-json\/wp\/v2\/pages\/15118\/revisions\/17832"}],"wp:attachment":[{"href":"https:\/\/icsl.at\/de\/wp-json\/wp\/v2\/media?parent=15118"}],"curies":[{"name":"wp","href":"https:\/\/api.w.org\/{rel}","templated":true}]}}