{"id":12647,"date":"2015-05-05T14:23:06","date_gmt":"2015-05-05T13:23:06","guid":{"rendered":"https:\/\/wp.icsl.at\/?page_id=12647"},"modified":"2017-01-23T13:09:41","modified_gmt":"2017-01-23T12:09:41","slug":"uber-uns","status":"publish","type":"page","link":"https:\/\/icsl.at\/de\/uber-uns\/","title":{"rendered":"\u00dcber uns"},"content":{"rendered":"<div class=\"fusion-fullwidth fullwidth-box fusion-builder-row-1 nonhundred-percent-fullwidth non-hundred-percent-height-scrolling\" style=\"--awb-background-position:left top;--awb-border-radius-top-left:0px;--awb-border-radius-top-right:0px;--awb-border-radius-bottom-right:0px;--awb-border-radius-bottom-left:0px;--awb-padding-top:20px;--awb-padding-right:0px;--awb-padding-bottom:20px;--awb-padding-left:0px;--awb-border-sizes-top:0px;--awb-border-sizes-bottom:0px;--awb-flex-wrap:wrap;\" ><div class=\"fusion-builder-row fusion-row\"><div class=\"fusion-layout-column fusion_builder_column fusion-builder-column-0 fusion_builder_column_1_1 1_1 fusion-one-full fusion-column-first fusion-column-last fusion-column-no-min-height\" style=\"--awb-bg-size:cover;--awb-margin-bottom:0px;\"><div class=\"fusion-column-wrapper fusion-flex-column-wrapper-legacy\"><div class=\"fusion-title title fusion-title-1 fusion-title-text fusion-title-size-one\"><h1 class=\"fusion-title-heading title-heading-left fusion-responsive-typography-calculated\" style=\"margin:0;--fontSize:34;line-height:1.41;\">Informationstechnologie &#8211; Communication &#8211; Sicherheit &#8211; Leben<\/p>\n<p style=\"text-align: right;\">\u2026 seit 1995<\/p><\/h1><span class=\"awb-title-spacer\"><\/span><div class=\"title-sep-container\"><div class=\"title-sep sep-double sep-solid\" style=\"border-color:#e0dede;\"><\/div><\/div><\/div><div class=\"fusion-text fusion-text-1\"><p><em>An dieser Stelle ein <strong>herzliches Dankesch\u00f6n unseren Kunden und Partnern f\u00fcr<\/strong> das uns entgegengebrachte <strong>Vertrauen<\/strong>; und daf\u00fcr, dass Sie uns <strong>seit 20\u00a0Jahren<\/strong> Ihre sensiblen Kommunikations- \/ Sicherheits- \/ und IT-Belange anvertraut haben.<\/em><\/p>\n<p>&nbsp;<\/p>\n<p>Gemeinsam mit Partnerunternehmen beliefert ICSL Beh\u00f6rden und Unternehmen in 28 L\u00e4ndern\u00a0mit L\u00f6sungen zur Sicherung von Daten und der Sprach-Datenkommunikation im Premiumbereich. Bei ICSL k\u00f6nnen Sie davon ausgehen, dass nicht nur Ihre Daten und Gespr\u00e4che ein Geheimnis bleiben, sondern auch s\u00e4mtliche Anfragen und Anliegen werden h\u00f6chst vertraulich behandelt.<\/p>\n<\/div><div class=\"fusion-clearfix\"><\/div><\/div><\/div><\/div><\/div>\n","protected":false},"excerpt":{"rendered":"","protected":false},"author":9,"featured_media":0,"parent":0,"menu_order":0,"comment_status":"closed","ping_status":"closed","template":"side-navigation.php","meta":{"footnotes":""},"class_list":["post-12647","page","type-page","status-publish","hentry"],"yoast_head":"<!-- This site is optimized with the Yoast SEO plugin v26.7 - https:\/\/yoast.com\/wordpress\/plugins\/seo\/ -->\n<title>\u00dcber uns - ICSL GmbH<\/title>\n<meta name=\"robots\" content=\"index, follow, max-snippet:-1, max-image-preview:large, max-video-preview:-1\" \/>\n<link rel=\"canonical\" href=\"https:\/\/icsl.at\/de\/uber-uns\/\" \/>\n<meta property=\"og:locale\" content=\"de_DE\" \/>\n<meta property=\"og:type\" content=\"article\" \/>\n<meta property=\"og:title\" content=\"\u00dcber uns - ICSL GmbH\" \/>\n<meta property=\"og:url\" content=\"https:\/\/icsl.at\/de\/uber-uns\/\" \/>\n<meta property=\"og:site_name\" content=\"ICSL GmbH\" \/>\n<meta property=\"article:modified_time\" content=\"2017-01-23T12:09:41+00:00\" \/>\n<meta name=\"twitter:label1\" content=\"Gesch\u00e4tzte Lesezeit\" \/>\n\t<meta name=\"twitter:data1\" content=\"1\u00a0Minute\" \/>\n<script type=\"application\/ld+json\" class=\"yoast-schema-graph\">{\"@context\":\"https:\/\/schema.org\",\"@graph\":[{\"@type\":\"WebPage\",\"@id\":\"https:\/\/icsl.at\/de\/uber-uns\/\",\"url\":\"https:\/\/icsl.at\/de\/uber-uns\/\",\"name\":\"\u00dcber uns - ICSL GmbH\",\"isPartOf\":{\"@id\":\"https:\/\/icsl.at\/#website\"},\"datePublished\":\"2015-05-05T13:23:06+00:00\",\"dateModified\":\"2017-01-23T12:09:41+00:00\",\"breadcrumb\":{\"@id\":\"https:\/\/icsl.at\/de\/uber-uns\/#breadcrumb\"},\"inLanguage\":\"de\",\"potentialAction\":[{\"@type\":\"ReadAction\",\"target\":[\"https:\/\/icsl.at\/de\/uber-uns\/\"]}]},{\"@type\":\"BreadcrumbList\",\"@id\":\"https:\/\/icsl.at\/de\/uber-uns\/#breadcrumb\",\"itemListElement\":[{\"@type\":\"ListItem\",\"position\":1,\"name\":\"Home\",\"item\":\"https:\/\/icsl.at\/de\/\"},{\"@type\":\"ListItem\",\"position\":2,\"name\":\"\u00dcber uns\"}]},{\"@type\":\"WebSite\",\"@id\":\"https:\/\/icsl.at\/#website\",\"url\":\"https:\/\/icsl.at\/\",\"name\":\"ICSL GmbH\",\"description\":\"Consulting for Information-Technology and Telecommunications GmbH\",\"publisher\":{\"@id\":\"https:\/\/icsl.at\/#organization\"},\"potentialAction\":[{\"@type\":\"SearchAction\",\"target\":{\"@type\":\"EntryPoint\",\"urlTemplate\":\"https:\/\/icsl.at\/?s={search_term_string}\"},\"query-input\":{\"@type\":\"PropertyValueSpecification\",\"valueRequired\":true,\"valueName\":\"search_term_string\"}}],\"inLanguage\":\"de\"},{\"@type\":\"Organization\",\"@id\":\"https:\/\/icsl.at\/#organization\",\"name\":\"ICSL GmbH\",\"url\":\"https:\/\/icsl.at\/\",\"logo\":{\"@type\":\"ImageObject\",\"inLanguage\":\"de\",\"@id\":\"https:\/\/icsl.at\/#\/schema\/logo\/image\/\",\"url\":\"https:\/\/icsl.at\/wp-content\/uploads\/2019\/05\/ICSL_LOGO_B.png\",\"contentUrl\":\"https:\/\/icsl.at\/wp-content\/uploads\/2019\/05\/ICSL_LOGO_B.png\",\"width\":591,\"height\":578,\"caption\":\"ICSL GmbH\"},\"image\":{\"@id\":\"https:\/\/icsl.at\/#\/schema\/logo\/image\/\"}}]}<\/script>\n<!-- \/ Yoast SEO plugin. -->","yoast_head_json":{"title":"\u00dcber uns - ICSL GmbH","robots":{"index":"index","follow":"follow","max-snippet":"max-snippet:-1","max-image-preview":"max-image-preview:large","max-video-preview":"max-video-preview:-1"},"canonical":"https:\/\/icsl.at\/de\/uber-uns\/","og_locale":"de_DE","og_type":"article","og_title":"\u00dcber uns - ICSL GmbH","og_url":"https:\/\/icsl.at\/de\/uber-uns\/","og_site_name":"ICSL GmbH","article_modified_time":"2017-01-23T12:09:41+00:00","twitter_misc":{"Gesch\u00e4tzte Lesezeit":"1\u00a0Minute"},"schema":{"@context":"https:\/\/schema.org","@graph":[{"@type":"WebPage","@id":"https:\/\/icsl.at\/de\/uber-uns\/","url":"https:\/\/icsl.at\/de\/uber-uns\/","name":"\u00dcber uns - ICSL GmbH","isPartOf":{"@id":"https:\/\/icsl.at\/#website"},"datePublished":"2015-05-05T13:23:06+00:00","dateModified":"2017-01-23T12:09:41+00:00","breadcrumb":{"@id":"https:\/\/icsl.at\/de\/uber-uns\/#breadcrumb"},"inLanguage":"de","potentialAction":[{"@type":"ReadAction","target":["https:\/\/icsl.at\/de\/uber-uns\/"]}]},{"@type":"BreadcrumbList","@id":"https:\/\/icsl.at\/de\/uber-uns\/#breadcrumb","itemListElement":[{"@type":"ListItem","position":1,"name":"Home","item":"https:\/\/icsl.at\/de\/"},{"@type":"ListItem","position":2,"name":"\u00dcber uns"}]},{"@type":"WebSite","@id":"https:\/\/icsl.at\/#website","url":"https:\/\/icsl.at\/","name":"ICSL GmbH","description":"Consulting for Information-Technology and Telecommunications GmbH","publisher":{"@id":"https:\/\/icsl.at\/#organization"},"potentialAction":[{"@type":"SearchAction","target":{"@type":"EntryPoint","urlTemplate":"https:\/\/icsl.at\/?s={search_term_string}"},"query-input":{"@type":"PropertyValueSpecification","valueRequired":true,"valueName":"search_term_string"}}],"inLanguage":"de"},{"@type":"Organization","@id":"https:\/\/icsl.at\/#organization","name":"ICSL GmbH","url":"https:\/\/icsl.at\/","logo":{"@type":"ImageObject","inLanguage":"de","@id":"https:\/\/icsl.at\/#\/schema\/logo\/image\/","url":"https:\/\/icsl.at\/wp-content\/uploads\/2019\/05\/ICSL_LOGO_B.png","contentUrl":"https:\/\/icsl.at\/wp-content\/uploads\/2019\/05\/ICSL_LOGO_B.png","width":591,"height":578,"caption":"ICSL GmbH"},"image":{"@id":"https:\/\/icsl.at\/#\/schema\/logo\/image\/"}}]}},"_links":{"self":[{"href":"https:\/\/icsl.at\/de\/wp-json\/wp\/v2\/pages\/12647","targetHints":{"allow":["GET"]}}],"collection":[{"href":"https:\/\/icsl.at\/de\/wp-json\/wp\/v2\/pages"}],"about":[{"href":"https:\/\/icsl.at\/de\/wp-json\/wp\/v2\/types\/page"}],"author":[{"embeddable":true,"href":"https:\/\/icsl.at\/de\/wp-json\/wp\/v2\/users\/9"}],"replies":[{"embeddable":true,"href":"https:\/\/icsl.at\/de\/wp-json\/wp\/v2\/comments?post=12647"}],"version-history":[{"count":3,"href":"https:\/\/icsl.at\/de\/wp-json\/wp\/v2\/pages\/12647\/revisions"}],"predecessor-version":[{"id":14037,"href":"https:\/\/icsl.at\/de\/wp-json\/wp\/v2\/pages\/12647\/revisions\/14037"}],"wp:attachment":[{"href":"https:\/\/icsl.at\/de\/wp-json\/wp\/v2\/media?parent=12647"}],"curies":[{"name":"wp","href":"https:\/\/api.w.org\/{rel}","templated":true}]}}