{"id":12482,"date":"2015-04-29T10:45:01","date_gmt":"2015-04-29T08:45:01","guid":{"rendered":"https:\/\/wp.icsl.at\/?page_id=12482"},"modified":"2024-11-22T13:13:19","modified_gmt":"2024-11-22T12:13:19","slug":"impressum","status":"publish","type":"page","link":"https:\/\/icsl.at\/de\/rechtliches\/impressum\/","title":{"rendered":"Impressum"},"content":{"rendered":"<div class=\"fusion-fullwidth fullwidth-box fusion-builder-row-1 nonhundred-percent-fullwidth non-hundred-percent-height-scrolling\" style=\"--awb-background-position:left top;--awb-border-sizes-top:0px;--awb-border-sizes-bottom:0px;--awb-border-sizes-left:0px;--awb-border-sizes-right:0px;--awb-border-radius-top-left:0px;--awb-border-radius-top-right:0px;--awb-border-radius-bottom-right:0px;--awb-border-radius-bottom-left:0px;--awb-padding-top:20px;--awb-padding-right:0px;--awb-padding-bottom:20px;--awb-padding-left:0px;--awb-flex-wrap:wrap;\" ><div class=\"fusion-builder-row fusion-row\"><div class=\"fusion-layout-column fusion_builder_column fusion-builder-column-0 fusion_builder_column_1_1 1_1 fusion-one-full fusion-column-first fusion-column-last fusion-column-no-min-height\" style=\"--awb-bg-size:cover;--awb-margin-bottom:0px;\"><div class=\"fusion-column-wrapper fusion-flex-column-wrapper-legacy\"><div class=\"fusion-text fusion-text-1\"><h1 class=\"post-title\">Impressum<\/h1>\n<p>Publikation laut \u00a75 e-Commerce Regulations<\/p>\n<h4><strong>ICSL &#8211; AUSTRIA<\/strong><\/h4>\n<p><strong>ICSL Consulting for Information-Technology and Telecommunications GmbH<\/strong><\/p>\n<p><em>(zust\u00e4ndig f\u00fcr: On-Premise-Installationen und Support, individuelle und spezielle L\u00f6sungen \/ Projekte, Komplettl\u00f6sungen, Regierungskunden)<\/em><\/p>\n<p>Khunngasse 14, 1030 Wien, Austria<br \/>\nPhone + 43-1-33286-80300<br \/>\nFax + 43-1-33286-80399<br \/>\noffice(at)icsl.at<\/p>\n<p>Gesch\u00e4ftsf\u00fchrer: Mag. Ludwig Seidl<\/p>\n<p>Firmenbuch Nummer FN 201591 h,<br \/>\nHandelsgericht Wien<br \/>\nMitglied der Wirtschaftskammer \u00d6sterreich,<br \/>\nGewerberegister Nr. des Magistrats der Stadt Wien: 104773F03<br \/>\nUmsatzsteuer-ID Nummer: AT-U51039102<\/p>\n<p><strong>ICSL\u00a0 GmbH<\/strong><\/p>\n<p><em>(zust\u00e4ndig f\u00fcr: Als Service angebotene L\u00f6sungen und Hosting-Dienste, Vertrieb, Partnerschaften)<\/em><\/p>\n<p>Khunngasse 14, 1030 Wien, Austria<br \/>\nPhone + 43-1-33286-80300<br \/>\nFax + 43-1-33286-80399<br \/>\noffice(at)icsl.at<\/p>\n<p>Gesch\u00e4ftsf\u00fchrer: Mag. Ludwig Seidl<\/p>\n<p>Firmenbuch Nummer FN 412283z,<br \/>\nHandelsgericht Wien<br \/>\nMitglied der Wirtschaftskammer \u00d6sterreich,<br \/>\nGewerberegister Nr. des Magistrats der Stadt Wien: 35267928<br \/>\nUmsatzsteuer-ID Nummer: AT-U77344937<\/p>\n<\/div><div class=\"fusion-clearfix\"><\/div><\/div><\/div><div class=\"fusion-layout-column fusion_builder_column fusion-builder-column-1 fusion_builder_column_1_1 1_1 fusion-one-full fusion-column-first fusion-column-last fusion-column-no-min-height\" style=\"--awb-bg-size:cover;--awb-margin-bottom:0px;\"><div class=\"fusion-column-wrapper fusion-flex-column-wrapper-legacy\"><div class=\"fusion-widget-area awb-widget-area-element fusion-widget-area-1 fusion-content-widget-area legal_widget\" style=\"--awb-title-size:13px;--awb-background-color:#e9eaee;--awb-title-color:#333333;--awb-padding:0px 0px 0px 0px;\"><div id=\"sidebar-navigation-5\" class=\"widget icl_sidebar_navigation\"><\/div><div class=\"fusion-additional-widget-content\"><\/div><\/div><div class=\"fusion-clearfix\"><\/div><\/div><\/div><\/div><\/div>\n","protected":false},"excerpt":{"rendered":"","protected":false},"author":9,"featured_media":0,"parent":12474,"menu_order":4,"comment_status":"closed","ping_status":"closed","template":"side-navigation.php","meta":{"footnotes":""},"class_list":["post-12482","page","type-page","status-publish","hentry"],"yoast_head":"<!-- This site is optimized with the Yoast SEO plugin v26.7 - https:\/\/yoast.com\/wordpress\/plugins\/seo\/ -->\n<title>Impressum - ICSL GmbH<\/title>\n<meta name=\"robots\" content=\"index, follow, max-snippet:-1, max-image-preview:large, max-video-preview:-1\" \/>\n<link rel=\"canonical\" href=\"https:\/\/icsl.at\/de\/rechtliches\/impressum\/\" \/>\n<meta property=\"og:locale\" content=\"de_DE\" \/>\n<meta property=\"og:type\" content=\"article\" \/>\n<meta property=\"og:title\" content=\"Impressum - ICSL GmbH\" \/>\n<meta property=\"og:url\" content=\"https:\/\/icsl.at\/de\/rechtliches\/impressum\/\" \/>\n<meta property=\"og:site_name\" content=\"ICSL GmbH\" \/>\n<meta property=\"article:modified_time\" content=\"2024-11-22T12:13:19+00:00\" \/>\n<meta name=\"twitter:label1\" content=\"Gesch\u00e4tzte Lesezeit\" \/>\n\t<meta name=\"twitter:data1\" content=\"1\u00a0Minute\" \/>\n<script type=\"application\/ld+json\" class=\"yoast-schema-graph\">{\"@context\":\"https:\/\/schema.org\",\"@graph\":[{\"@type\":\"WebPage\",\"@id\":\"https:\/\/icsl.at\/de\/rechtliches\/impressum\/\",\"url\":\"https:\/\/icsl.at\/de\/rechtliches\/impressum\/\",\"name\":\"Impressum - ICSL GmbH\",\"isPartOf\":{\"@id\":\"https:\/\/icsl.at\/#website\"},\"datePublished\":\"2015-04-29T08:45:01+00:00\",\"dateModified\":\"2024-11-22T12:13:19+00:00\",\"breadcrumb\":{\"@id\":\"https:\/\/icsl.at\/de\/rechtliches\/impressum\/#breadcrumb\"},\"inLanguage\":\"de\",\"potentialAction\":[{\"@type\":\"ReadAction\",\"target\":[\"https:\/\/icsl.at\/de\/rechtliches\/impressum\/\"]}]},{\"@type\":\"BreadcrumbList\",\"@id\":\"https:\/\/icsl.at\/de\/rechtliches\/impressum\/#breadcrumb\",\"itemListElement\":[{\"@type\":\"ListItem\",\"position\":1,\"name\":\"Home\",\"item\":\"https:\/\/icsl.at\/de\/\"},{\"@type\":\"ListItem\",\"position\":2,\"name\":\"Rechtliches\",\"item\":\"https:\/\/icsl.at\/de\/rechtliches\/\"},{\"@type\":\"ListItem\",\"position\":3,\"name\":\"Impressum\"}]},{\"@type\":\"WebSite\",\"@id\":\"https:\/\/icsl.at\/#website\",\"url\":\"https:\/\/icsl.at\/\",\"name\":\"ICSL GmbH\",\"description\":\"Consulting for Information-Technology and Telecommunications GmbH\",\"publisher\":{\"@id\":\"https:\/\/icsl.at\/#organization\"},\"potentialAction\":[{\"@type\":\"SearchAction\",\"target\":{\"@type\":\"EntryPoint\",\"urlTemplate\":\"https:\/\/icsl.at\/?s={search_term_string}\"},\"query-input\":{\"@type\":\"PropertyValueSpecification\",\"valueRequired\":true,\"valueName\":\"search_term_string\"}}],\"inLanguage\":\"de\"},{\"@type\":\"Organization\",\"@id\":\"https:\/\/icsl.at\/#organization\",\"name\":\"ICSL GmbH\",\"url\":\"https:\/\/icsl.at\/\",\"logo\":{\"@type\":\"ImageObject\",\"inLanguage\":\"de\",\"@id\":\"https:\/\/icsl.at\/#\/schema\/logo\/image\/\",\"url\":\"https:\/\/icsl.at\/wp-content\/uploads\/2019\/05\/ICSL_LOGO_B.png\",\"contentUrl\":\"https:\/\/icsl.at\/wp-content\/uploads\/2019\/05\/ICSL_LOGO_B.png\",\"width\":591,\"height\":578,\"caption\":\"ICSL GmbH\"},\"image\":{\"@id\":\"https:\/\/icsl.at\/#\/schema\/logo\/image\/\"}}]}<\/script>\n<!-- \/ Yoast SEO plugin. -->","yoast_head_json":{"title":"Impressum - ICSL GmbH","robots":{"index":"index","follow":"follow","max-snippet":"max-snippet:-1","max-image-preview":"max-image-preview:large","max-video-preview":"max-video-preview:-1"},"canonical":"https:\/\/icsl.at\/de\/rechtliches\/impressum\/","og_locale":"de_DE","og_type":"article","og_title":"Impressum - ICSL GmbH","og_url":"https:\/\/icsl.at\/de\/rechtliches\/impressum\/","og_site_name":"ICSL GmbH","article_modified_time":"2024-11-22T12:13:19+00:00","twitter_misc":{"Gesch\u00e4tzte Lesezeit":"1\u00a0Minute"},"schema":{"@context":"https:\/\/schema.org","@graph":[{"@type":"WebPage","@id":"https:\/\/icsl.at\/de\/rechtliches\/impressum\/","url":"https:\/\/icsl.at\/de\/rechtliches\/impressum\/","name":"Impressum - ICSL GmbH","isPartOf":{"@id":"https:\/\/icsl.at\/#website"},"datePublished":"2015-04-29T08:45:01+00:00","dateModified":"2024-11-22T12:13:19+00:00","breadcrumb":{"@id":"https:\/\/icsl.at\/de\/rechtliches\/impressum\/#breadcrumb"},"inLanguage":"de","potentialAction":[{"@type":"ReadAction","target":["https:\/\/icsl.at\/de\/rechtliches\/impressum\/"]}]},{"@type":"BreadcrumbList","@id":"https:\/\/icsl.at\/de\/rechtliches\/impressum\/#breadcrumb","itemListElement":[{"@type":"ListItem","position":1,"name":"Home","item":"https:\/\/icsl.at\/de\/"},{"@type":"ListItem","position":2,"name":"Rechtliches","item":"https:\/\/icsl.at\/de\/rechtliches\/"},{"@type":"ListItem","position":3,"name":"Impressum"}]},{"@type":"WebSite","@id":"https:\/\/icsl.at\/#website","url":"https:\/\/icsl.at\/","name":"ICSL GmbH","description":"Consulting for Information-Technology and Telecommunications GmbH","publisher":{"@id":"https:\/\/icsl.at\/#organization"},"potentialAction":[{"@type":"SearchAction","target":{"@type":"EntryPoint","urlTemplate":"https:\/\/icsl.at\/?s={search_term_string}"},"query-input":{"@type":"PropertyValueSpecification","valueRequired":true,"valueName":"search_term_string"}}],"inLanguage":"de"},{"@type":"Organization","@id":"https:\/\/icsl.at\/#organization","name":"ICSL GmbH","url":"https:\/\/icsl.at\/","logo":{"@type":"ImageObject","inLanguage":"de","@id":"https:\/\/icsl.at\/#\/schema\/logo\/image\/","url":"https:\/\/icsl.at\/wp-content\/uploads\/2019\/05\/ICSL_LOGO_B.png","contentUrl":"https:\/\/icsl.at\/wp-content\/uploads\/2019\/05\/ICSL_LOGO_B.png","width":591,"height":578,"caption":"ICSL GmbH"},"image":{"@id":"https:\/\/icsl.at\/#\/schema\/logo\/image\/"}}]}},"_links":{"self":[{"href":"https:\/\/icsl.at\/de\/wp-json\/wp\/v2\/pages\/12482","targetHints":{"allow":["GET"]}}],"collection":[{"href":"https:\/\/icsl.at\/de\/wp-json\/wp\/v2\/pages"}],"about":[{"href":"https:\/\/icsl.at\/de\/wp-json\/wp\/v2\/types\/page"}],"author":[{"embeddable":true,"href":"https:\/\/icsl.at\/de\/wp-json\/wp\/v2\/users\/9"}],"replies":[{"embeddable":true,"href":"https:\/\/icsl.at\/de\/wp-json\/wp\/v2\/comments?post=12482"}],"version-history":[{"count":9,"href":"https:\/\/icsl.at\/de\/wp-json\/wp\/v2\/pages\/12482\/revisions"}],"predecessor-version":[{"id":17644,"href":"https:\/\/icsl.at\/de\/wp-json\/wp\/v2\/pages\/12482\/revisions\/17644"}],"up":[{"embeddable":true,"href":"https:\/\/icsl.at\/de\/wp-json\/wp\/v2\/pages\/12474"}],"wp:attachment":[{"href":"https:\/\/icsl.at\/de\/wp-json\/wp\/v2\/media?parent=12482"}],"curies":[{"name":"wp","href":"https:\/\/api.w.org\/{rel}","templated":true}]}}