{"id":12476,"date":"2015-04-29T10:39:40","date_gmt":"2015-04-29T09:39:40","guid":{"rendered":"https:\/\/wp.icsl.at\/?page_id=12476"},"modified":"2017-01-23T13:09:43","modified_gmt":"2017-01-23T12:09:43","slug":"haftungsausschluss","status":"publish","type":"page","link":"https:\/\/icsl.at\/de\/rechtliches\/haftungsausschluss\/","title":{"rendered":"Haftungsausschluss"},"content":{"rendered":"<div class=\"fusion-fullwidth fullwidth-box fusion-builder-row-1 nonhundred-percent-fullwidth non-hundred-percent-height-scrolling\" style=\"--awb-background-position:left top;--awb-border-radius-top-left:0px;--awb-border-radius-top-right:0px;--awb-border-radius-bottom-right:0px;--awb-border-radius-bottom-left:0px;--awb-padding-top:20px;--awb-padding-right:0px;--awb-padding-bottom:20px;--awb-padding-left:0px;--awb-border-sizes-top:0px;--awb-border-sizes-bottom:0px;--awb-flex-wrap:wrap;\" ><div class=\"fusion-builder-row fusion-row\"><div class=\"fusion-layout-column fusion_builder_column fusion-builder-column-0 fusion_builder_column_1_1 1_1 fusion-one-full fusion-column-first fusion-column-last fusion-column-no-min-height\" style=\"--awb-bg-size:cover;--awb-margin-bottom:0px;\"><div class=\"fusion-column-wrapper fusion-flex-column-wrapper-legacy\"><div class=\"fusion-text fusion-text-1\"><h1 class=\"post-title\">Haftungsausschluss<\/h1>\n<p>WEDER ICSL NOCH ICSL PARTNER (INKLUSIVE ALLER IHRER LIEFERANTEN) \u00dcBERNEHMEN IN IRGENDEINEM FALL DIE HAFTUNG F\u00dcR DIREKTE SCH\u00c4DEN, FOLGESCH\u00c4DEN, ZUF\u00c4LLIG ENTSTANDENE SCH\u00c4DEN, BESONDERE SCH\u00c4DEN, STRAFE EINSCHLIESSENDE ODER SONSTIGE SCH\u00c4DEN (EINSCHLIESSLICH UND UNEINGESCHR\u00c4NKT SCH\u00c4DEN DURCH ENTGANGENE UNTERNEHMENSGEWINNE, UNTERBRECHUNG DES GESCH\u00c4FTSBETRIEBS ODER VERLUST VON GESCH\u00c4FTLICHEN INFORMATIONEN), AUCH WENN IM VORFELD AUF DIE WAHRSCHEINLICHKEIT DES EINTRETENS SOLCHER SCH\u00c4DEN HINGEWIESEN WURDE. Einige Rechtssprechungen gestatten keinen Ausschluss oder Einschr\u00e4nkung bei zuf\u00e4llig entstandenen Sch\u00e4den oder Folgesch\u00e4den, daher besteht die M\u00f6glichkeit, dass der oben angef\u00fchrte Haftungsausschluss in Ihrem Fall nicht zutrifft.<\/p>\n<p>Dieser Haftungsausschluss bezieht sich auf s\u00e4mtliche Sch\u00e4den oder Verletzungen in Folge von Leistungsausfall, Fehlern, Vers\u00e4umnissen, Unterbrechungen, L\u00f6schung, Defekten, Verz\u00f6gerungen im Betrieb oder bei der \u00dcbertragung, Computerviren, St\u00f6rungen der Kommunikationsverbindungen, Diebstahl oder Zerst\u00f6rung oder unbefugter Zutritt zu, \u00c4nderungen oder Verwendung von Aufzeichnungen, sei es mit dem Ziel des Vertragsbruchs, unerlaubter oder sonstiger Handlungen sowie Fahrl\u00e4ssigkeit.<\/p>\n<p>Sie erteilen Ihre ausdr\u00fcckliche Zustimmung daf\u00fcr, dass weder ICSL noch ICSL Partner f\u00fcr verleumdendes, beleidigendes, gegen das Gesetz versto\u00dfendes oder illegales Material und Verhalten von Ihnen oder Dritten Haftung \u00fcbernimmt. ICSL beh\u00e4lt sich au\u00dferdem vor, solches Material unter Haftungsausschluss und ohne vorherige Ank\u00fcndigung von ihrer Webseite zu entfernen.<\/p>\n<\/div><div class=\"fusion-clearfix\"><\/div><\/div><\/div><div class=\"fusion-layout-column fusion_builder_column fusion-builder-column-1 fusion_builder_column_1_1 1_1 fusion-one-full fusion-column-first fusion-column-last fusion-column-no-min-height\" style=\"--awb-bg-size:cover;--awb-margin-bottom:0px;\"><div class=\"fusion-column-wrapper fusion-flex-column-wrapper-legacy\"><div class=\"fusion-widget-area awb-widget-area-element fusion-widget-area-1 fusion-content-widget-area legal_widget\" style=\"--awb-title-size:13px;--awb-background-color:#e9eaee;--awb-title-color:#333333;\"><div id=\"sidebar-navigation-5\" class=\"widget icl_sidebar_navigation\"><\/div><div class=\"fusion-additional-widget-content\"><\/div><\/div><div class=\"fusion-clearfix\"><\/div><\/div><\/div><\/div><\/div>\n","protected":false},"excerpt":{"rendered":"","protected":false},"author":9,"featured_media":0,"parent":12474,"menu_order":0,"comment_status":"closed","ping_status":"closed","template":"side-navigation.php","meta":{"footnotes":""},"class_list":["post-12476","page","type-page","status-publish","hentry"],"yoast_head":"<!-- This site is optimized with the Yoast SEO plugin v26.7 - https:\/\/yoast.com\/wordpress\/plugins\/seo\/ -->\n<title>Haftungsausschluss - ICSL GmbH<\/title>\n<meta name=\"robots\" content=\"index, follow, max-snippet:-1, max-image-preview:large, max-video-preview:-1\" \/>\n<link rel=\"canonical\" href=\"https:\/\/icsl.at\/de\/rechtliches\/haftungsausschluss\/\" \/>\n<meta property=\"og:locale\" content=\"de_DE\" \/>\n<meta property=\"og:type\" content=\"article\" \/>\n<meta property=\"og:title\" content=\"Haftungsausschluss - ICSL GmbH\" \/>\n<meta property=\"og:url\" content=\"https:\/\/icsl.at\/de\/rechtliches\/haftungsausschluss\/\" \/>\n<meta property=\"og:site_name\" content=\"ICSL GmbH\" \/>\n<meta property=\"article:modified_time\" content=\"2017-01-23T12:09:43+00:00\" \/>\n<meta name=\"twitter:label1\" content=\"Gesch\u00e4tzte Lesezeit\" \/>\n\t<meta name=\"twitter:data1\" content=\"2\u00a0Minuten\" \/>\n<script type=\"application\/ld+json\" class=\"yoast-schema-graph\">{\"@context\":\"https:\/\/schema.org\",\"@graph\":[{\"@type\":\"WebPage\",\"@id\":\"https:\/\/icsl.at\/de\/rechtliches\/haftungsausschluss\/\",\"url\":\"https:\/\/icsl.at\/de\/rechtliches\/haftungsausschluss\/\",\"name\":\"Haftungsausschluss - ICSL GmbH\",\"isPartOf\":{\"@id\":\"https:\/\/icsl.at\/#website\"},\"datePublished\":\"2015-04-29T09:39:40+00:00\",\"dateModified\":\"2017-01-23T12:09:43+00:00\",\"breadcrumb\":{\"@id\":\"https:\/\/icsl.at\/de\/rechtliches\/haftungsausschluss\/#breadcrumb\"},\"inLanguage\":\"de\",\"potentialAction\":[{\"@type\":\"ReadAction\",\"target\":[\"https:\/\/icsl.at\/de\/rechtliches\/haftungsausschluss\/\"]}]},{\"@type\":\"BreadcrumbList\",\"@id\":\"https:\/\/icsl.at\/de\/rechtliches\/haftungsausschluss\/#breadcrumb\",\"itemListElement\":[{\"@type\":\"ListItem\",\"position\":1,\"name\":\"Home\",\"item\":\"https:\/\/icsl.at\/de\/\"},{\"@type\":\"ListItem\",\"position\":2,\"name\":\"Rechtliches\",\"item\":\"https:\/\/icsl.at\/de\/rechtliches\/\"},{\"@type\":\"ListItem\",\"position\":3,\"name\":\"Haftungsausschluss\"}]},{\"@type\":\"WebSite\",\"@id\":\"https:\/\/icsl.at\/#website\",\"url\":\"https:\/\/icsl.at\/\",\"name\":\"ICSL GmbH\",\"description\":\"Consulting for Information-Technology and Telecommunications GmbH\",\"publisher\":{\"@id\":\"https:\/\/icsl.at\/#organization\"},\"potentialAction\":[{\"@type\":\"SearchAction\",\"target\":{\"@type\":\"EntryPoint\",\"urlTemplate\":\"https:\/\/icsl.at\/?s={search_term_string}\"},\"query-input\":{\"@type\":\"PropertyValueSpecification\",\"valueRequired\":true,\"valueName\":\"search_term_string\"}}],\"inLanguage\":\"de\"},{\"@type\":\"Organization\",\"@id\":\"https:\/\/icsl.at\/#organization\",\"name\":\"ICSL GmbH\",\"url\":\"https:\/\/icsl.at\/\",\"logo\":{\"@type\":\"ImageObject\",\"inLanguage\":\"de\",\"@id\":\"https:\/\/icsl.at\/#\/schema\/logo\/image\/\",\"url\":\"https:\/\/icsl.at\/wp-content\/uploads\/2019\/05\/ICSL_LOGO_B.png\",\"contentUrl\":\"https:\/\/icsl.at\/wp-content\/uploads\/2019\/05\/ICSL_LOGO_B.png\",\"width\":591,\"height\":578,\"caption\":\"ICSL GmbH\"},\"image\":{\"@id\":\"https:\/\/icsl.at\/#\/schema\/logo\/image\/\"}}]}<\/script>\n<!-- \/ Yoast SEO plugin. -->","yoast_head_json":{"title":"Haftungsausschluss - ICSL GmbH","robots":{"index":"index","follow":"follow","max-snippet":"max-snippet:-1","max-image-preview":"max-image-preview:large","max-video-preview":"max-video-preview:-1"},"canonical":"https:\/\/icsl.at\/de\/rechtliches\/haftungsausschluss\/","og_locale":"de_DE","og_type":"article","og_title":"Haftungsausschluss - ICSL GmbH","og_url":"https:\/\/icsl.at\/de\/rechtliches\/haftungsausschluss\/","og_site_name":"ICSL GmbH","article_modified_time":"2017-01-23T12:09:43+00:00","twitter_misc":{"Gesch\u00e4tzte Lesezeit":"2\u00a0Minuten"},"schema":{"@context":"https:\/\/schema.org","@graph":[{"@type":"WebPage","@id":"https:\/\/icsl.at\/de\/rechtliches\/haftungsausschluss\/","url":"https:\/\/icsl.at\/de\/rechtliches\/haftungsausschluss\/","name":"Haftungsausschluss - ICSL GmbH","isPartOf":{"@id":"https:\/\/icsl.at\/#website"},"datePublished":"2015-04-29T09:39:40+00:00","dateModified":"2017-01-23T12:09:43+00:00","breadcrumb":{"@id":"https:\/\/icsl.at\/de\/rechtliches\/haftungsausschluss\/#breadcrumb"},"inLanguage":"de","potentialAction":[{"@type":"ReadAction","target":["https:\/\/icsl.at\/de\/rechtliches\/haftungsausschluss\/"]}]},{"@type":"BreadcrumbList","@id":"https:\/\/icsl.at\/de\/rechtliches\/haftungsausschluss\/#breadcrumb","itemListElement":[{"@type":"ListItem","position":1,"name":"Home","item":"https:\/\/icsl.at\/de\/"},{"@type":"ListItem","position":2,"name":"Rechtliches","item":"https:\/\/icsl.at\/de\/rechtliches\/"},{"@type":"ListItem","position":3,"name":"Haftungsausschluss"}]},{"@type":"WebSite","@id":"https:\/\/icsl.at\/#website","url":"https:\/\/icsl.at\/","name":"ICSL GmbH","description":"Consulting for Information-Technology and Telecommunications GmbH","publisher":{"@id":"https:\/\/icsl.at\/#organization"},"potentialAction":[{"@type":"SearchAction","target":{"@type":"EntryPoint","urlTemplate":"https:\/\/icsl.at\/?s={search_term_string}"},"query-input":{"@type":"PropertyValueSpecification","valueRequired":true,"valueName":"search_term_string"}}],"inLanguage":"de"},{"@type":"Organization","@id":"https:\/\/icsl.at\/#organization","name":"ICSL GmbH","url":"https:\/\/icsl.at\/","logo":{"@type":"ImageObject","inLanguage":"de","@id":"https:\/\/icsl.at\/#\/schema\/logo\/image\/","url":"https:\/\/icsl.at\/wp-content\/uploads\/2019\/05\/ICSL_LOGO_B.png","contentUrl":"https:\/\/icsl.at\/wp-content\/uploads\/2019\/05\/ICSL_LOGO_B.png","width":591,"height":578,"caption":"ICSL GmbH"},"image":{"@id":"https:\/\/icsl.at\/#\/schema\/logo\/image\/"}}]}},"_links":{"self":[{"href":"https:\/\/icsl.at\/de\/wp-json\/wp\/v2\/pages\/12476","targetHints":{"allow":["GET"]}}],"collection":[{"href":"https:\/\/icsl.at\/de\/wp-json\/wp\/v2\/pages"}],"about":[{"href":"https:\/\/icsl.at\/de\/wp-json\/wp\/v2\/types\/page"}],"author":[{"embeddable":true,"href":"https:\/\/icsl.at\/de\/wp-json\/wp\/v2\/users\/9"}],"replies":[{"embeddable":true,"href":"https:\/\/icsl.at\/de\/wp-json\/wp\/v2\/comments?post=12476"}],"version-history":[{"count":3,"href":"https:\/\/icsl.at\/de\/wp-json\/wp\/v2\/pages\/12476\/revisions"}],"predecessor-version":[{"id":14089,"href":"https:\/\/icsl.at\/de\/wp-json\/wp\/v2\/pages\/12476\/revisions\/14089"}],"up":[{"embeddable":true,"href":"https:\/\/icsl.at\/de\/wp-json\/wp\/v2\/pages\/12474"}],"wp:attachment":[{"href":"https:\/\/icsl.at\/de\/wp-json\/wp\/v2\/media?parent=12476"}],"curies":[{"name":"wp","href":"https:\/\/api.w.org\/{rel}","templated":true}]}}