{"id":12474,"date":"2015-04-29T10:38:23","date_gmt":"2015-04-29T09:38:23","guid":{"rendered":"https:\/\/wp.icsl.at\/?page_id=12474"},"modified":"2017-01-23T13:09:43","modified_gmt":"2017-01-23T12:09:43","slug":"rechtliches","status":"publish","type":"page","link":"https:\/\/icsl.at\/de\/rechtliches\/","title":{"rendered":"Rechtliches"},"content":{"rendered":"<div class=\"fusion-fullwidth fullwidth-box fusion-builder-row-1 nonhundred-percent-fullwidth non-hundred-percent-height-scrolling\" style=\"--awb-background-position:left top;--awb-border-radius-top-left:0px;--awb-border-radius-top-right:0px;--awb-border-radius-bottom-right:0px;--awb-border-radius-bottom-left:0px;--awb-padding-top:20px;--awb-padding-right:0px;--awb-padding-bottom:20px;--awb-padding-left:0px;--awb-border-sizes-top:0px;--awb-border-sizes-bottom:0px;--awb-flex-wrap:wrap;\" ><div class=\"fusion-builder-row fusion-row\"><div class=\"fusion-layout-column fusion_builder_column fusion-builder-column-0 fusion_builder_column_1_1 1_1 fusion-one-full fusion-column-first fusion-column-last fusion-column-no-min-height\" style=\"--awb-bg-size:cover;--awb-margin-bottom:0px;\"><div class=\"fusion-column-wrapper fusion-flex-column-wrapper-legacy\"><div class=\"fusion-text fusion-text-1\"><h1>Willkommen!<\/h1>\n<p>Vielen Dank f\u00fcr Ihren Besuch auf der ICSL Webseite. (im Folgenden \u201cICSL Website\u201d genannt).<\/p>\n<p>Damit unsere Seite f\u00fcr alle Besucher ihren Zweck erf\u00fcllt, informativ ist und den entsprechenden Sicherheitsanforderungen gen\u00fcgt, haben wir f\u00fcr Sie einige Richtlinien zusammengestellt. ICSL GmbH (im Folgenden \u201cICSL\u201d genannt) beh\u00e4lt sich das Recht vor, diese Richtlinien jederzeit abzu\u00e4ndern und Sie stimmen zu, dass jeder Besuch der ICSL Website den zum Zeitpunkt des Besuches geltenden Bestimmungen unterliegt. Das Gleiche gilt, wenn ICSL Partnerunternehmen und assoziierte Unternehmen (im Folgenden als \u201cICSL Partner\u201d genannt) aufgenommen werden oder ihre Mitgliedschaft beendet wird.<\/p>\n<p>ICSL und ICSL Partner k\u00f6nnen die auf der ICSL Website beschriebenen Informationen, Dienstleistungen und Produkte jederzeit ab\u00e4ndern und die ICSL Website aktualisieren.<\/p>\n<\/div><div class=\"fusion-clearfix\"><\/div><\/div><\/div><div class=\"fusion-layout-column fusion_builder_column fusion-builder-column-1 fusion_builder_column_1_1 1_1 fusion-one-full fusion-column-first fusion-column-last fusion-column-no-min-height\" style=\"--awb-bg-size:cover;--awb-margin-bottom:0px;\"><div class=\"fusion-column-wrapper fusion-flex-column-wrapper-legacy\"><div class=\"fusion-widget-area awb-widget-area-element fusion-widget-area-1 fusion-content-widget-area legal_widget\" style=\"--awb-title-size:13px;--awb-background-color:#e9eaee;--awb-title-color:#333333;\"><div id=\"sidebar-navigation-5\" class=\"widget icl_sidebar_navigation\"><\/div><div class=\"fusion-additional-widget-content\"><\/div><\/div><div class=\"fusion-clearfix\"><\/div><\/div><\/div><\/div><\/div>\n","protected":false},"excerpt":{"rendered":"","protected":false},"author":9,"featured_media":0,"parent":0,"menu_order":0,"comment_status":"closed","ping_status":"closed","template":"side-navigation.php","meta":{"footnotes":""},"class_list":["post-12474","page","type-page","status-publish","hentry"],"yoast_head":"<!-- This site is optimized with the Yoast SEO plugin v26.7 - https:\/\/yoast.com\/wordpress\/plugins\/seo\/ -->\n<title>Rechtliches - ICSL GmbH<\/title>\n<meta name=\"robots\" content=\"index, follow, max-snippet:-1, max-image-preview:large, max-video-preview:-1\" \/>\n<link rel=\"canonical\" href=\"https:\/\/icsl.at\/de\/rechtliches\/\" \/>\n<meta property=\"og:locale\" content=\"de_DE\" \/>\n<meta property=\"og:type\" content=\"article\" \/>\n<meta property=\"og:title\" content=\"Rechtliches - ICSL GmbH\" \/>\n<meta property=\"og:url\" content=\"https:\/\/icsl.at\/de\/rechtliches\/\" \/>\n<meta property=\"og:site_name\" content=\"ICSL GmbH\" \/>\n<meta property=\"article:modified_time\" content=\"2017-01-23T12:09:43+00:00\" \/>\n<meta name=\"twitter:label1\" content=\"Gesch\u00e4tzte Lesezeit\" \/>\n\t<meta name=\"twitter:data1\" content=\"2\u00a0Minuten\" \/>\n<script type=\"application\/ld+json\" class=\"yoast-schema-graph\">{\"@context\":\"https:\/\/schema.org\",\"@graph\":[{\"@type\":\"WebPage\",\"@id\":\"https:\/\/icsl.at\/de\/rechtliches\/\",\"url\":\"https:\/\/icsl.at\/de\/rechtliches\/\",\"name\":\"Rechtliches - ICSL GmbH\",\"isPartOf\":{\"@id\":\"https:\/\/icsl.at\/#website\"},\"datePublished\":\"2015-04-29T09:38:23+00:00\",\"dateModified\":\"2017-01-23T12:09:43+00:00\",\"breadcrumb\":{\"@id\":\"https:\/\/icsl.at\/de\/rechtliches\/#breadcrumb\"},\"inLanguage\":\"de\",\"potentialAction\":[{\"@type\":\"ReadAction\",\"target\":[\"https:\/\/icsl.at\/de\/rechtliches\/\"]}]},{\"@type\":\"BreadcrumbList\",\"@id\":\"https:\/\/icsl.at\/de\/rechtliches\/#breadcrumb\",\"itemListElement\":[{\"@type\":\"ListItem\",\"position\":1,\"name\":\"Home\",\"item\":\"https:\/\/icsl.at\/de\/\"},{\"@type\":\"ListItem\",\"position\":2,\"name\":\"Rechtliches\"}]},{\"@type\":\"WebSite\",\"@id\":\"https:\/\/icsl.at\/#website\",\"url\":\"https:\/\/icsl.at\/\",\"name\":\"ICSL GmbH\",\"description\":\"Consulting for Information-Technology and Telecommunications GmbH\",\"publisher\":{\"@id\":\"https:\/\/icsl.at\/#organization\"},\"potentialAction\":[{\"@type\":\"SearchAction\",\"target\":{\"@type\":\"EntryPoint\",\"urlTemplate\":\"https:\/\/icsl.at\/?s={search_term_string}\"},\"query-input\":{\"@type\":\"PropertyValueSpecification\",\"valueRequired\":true,\"valueName\":\"search_term_string\"}}],\"inLanguage\":\"de\"},{\"@type\":\"Organization\",\"@id\":\"https:\/\/icsl.at\/#organization\",\"name\":\"ICSL GmbH\",\"url\":\"https:\/\/icsl.at\/\",\"logo\":{\"@type\":\"ImageObject\",\"inLanguage\":\"de\",\"@id\":\"https:\/\/icsl.at\/#\/schema\/logo\/image\/\",\"url\":\"https:\/\/icsl.at\/wp-content\/uploads\/2019\/05\/ICSL_LOGO_B.png\",\"contentUrl\":\"https:\/\/icsl.at\/wp-content\/uploads\/2019\/05\/ICSL_LOGO_B.png\",\"width\":591,\"height\":578,\"caption\":\"ICSL GmbH\"},\"image\":{\"@id\":\"https:\/\/icsl.at\/#\/schema\/logo\/image\/\"}}]}<\/script>\n<!-- \/ Yoast SEO plugin. -->","yoast_head_json":{"title":"Rechtliches - ICSL GmbH","robots":{"index":"index","follow":"follow","max-snippet":"max-snippet:-1","max-image-preview":"max-image-preview:large","max-video-preview":"max-video-preview:-1"},"canonical":"https:\/\/icsl.at\/de\/rechtliches\/","og_locale":"de_DE","og_type":"article","og_title":"Rechtliches - ICSL GmbH","og_url":"https:\/\/icsl.at\/de\/rechtliches\/","og_site_name":"ICSL GmbH","article_modified_time":"2017-01-23T12:09:43+00:00","twitter_misc":{"Gesch\u00e4tzte Lesezeit":"2\u00a0Minuten"},"schema":{"@context":"https:\/\/schema.org","@graph":[{"@type":"WebPage","@id":"https:\/\/icsl.at\/de\/rechtliches\/","url":"https:\/\/icsl.at\/de\/rechtliches\/","name":"Rechtliches - ICSL GmbH","isPartOf":{"@id":"https:\/\/icsl.at\/#website"},"datePublished":"2015-04-29T09:38:23+00:00","dateModified":"2017-01-23T12:09:43+00:00","breadcrumb":{"@id":"https:\/\/icsl.at\/de\/rechtliches\/#breadcrumb"},"inLanguage":"de","potentialAction":[{"@type":"ReadAction","target":["https:\/\/icsl.at\/de\/rechtliches\/"]}]},{"@type":"BreadcrumbList","@id":"https:\/\/icsl.at\/de\/rechtliches\/#breadcrumb","itemListElement":[{"@type":"ListItem","position":1,"name":"Home","item":"https:\/\/icsl.at\/de\/"},{"@type":"ListItem","position":2,"name":"Rechtliches"}]},{"@type":"WebSite","@id":"https:\/\/icsl.at\/#website","url":"https:\/\/icsl.at\/","name":"ICSL GmbH","description":"Consulting for Information-Technology and Telecommunications GmbH","publisher":{"@id":"https:\/\/icsl.at\/#organization"},"potentialAction":[{"@type":"SearchAction","target":{"@type":"EntryPoint","urlTemplate":"https:\/\/icsl.at\/?s={search_term_string}"},"query-input":{"@type":"PropertyValueSpecification","valueRequired":true,"valueName":"search_term_string"}}],"inLanguage":"de"},{"@type":"Organization","@id":"https:\/\/icsl.at\/#organization","name":"ICSL GmbH","url":"https:\/\/icsl.at\/","logo":{"@type":"ImageObject","inLanguage":"de","@id":"https:\/\/icsl.at\/#\/schema\/logo\/image\/","url":"https:\/\/icsl.at\/wp-content\/uploads\/2019\/05\/ICSL_LOGO_B.png","contentUrl":"https:\/\/icsl.at\/wp-content\/uploads\/2019\/05\/ICSL_LOGO_B.png","width":591,"height":578,"caption":"ICSL GmbH"},"image":{"@id":"https:\/\/icsl.at\/#\/schema\/logo\/image\/"}}]}},"_links":{"self":[{"href":"https:\/\/icsl.at\/de\/wp-json\/wp\/v2\/pages\/12474","targetHints":{"allow":["GET"]}}],"collection":[{"href":"https:\/\/icsl.at\/de\/wp-json\/wp\/v2\/pages"}],"about":[{"href":"https:\/\/icsl.at\/de\/wp-json\/wp\/v2\/types\/page"}],"author":[{"embeddable":true,"href":"https:\/\/icsl.at\/de\/wp-json\/wp\/v2\/users\/9"}],"replies":[{"embeddable":true,"href":"https:\/\/icsl.at\/de\/wp-json\/wp\/v2\/comments?post=12474"}],"version-history":[{"count":3,"href":"https:\/\/icsl.at\/de\/wp-json\/wp\/v2\/pages\/12474\/revisions"}],"predecessor-version":[{"id":14092,"href":"https:\/\/icsl.at\/de\/wp-json\/wp\/v2\/pages\/12474\/revisions\/14092"}],"wp:attachment":[{"href":"https:\/\/icsl.at\/de\/wp-json\/wp\/v2\/media?parent=12474"}],"curies":[{"name":"wp","href":"https:\/\/api.w.org\/{rel}","templated":true}]}}