{"id":12370,"date":"2014-10-13T15:54:05","date_gmt":"2014-10-13T13:54:05","guid":{"rendered":"https:\/\/wp.icsl.at\/icsl-home-2\/"},"modified":"2026-01-14T16:24:27","modified_gmt":"2026-01-14T15:24:27","slug":"icsl-home-2-2-2-3","status":"publish","type":"page","link":"https:\/\/icsl.at\/de\/","title":{"rendered":"ICSL Home"},"content":{"rendered":"<p><div class=\"fusion-fullwidth fullwidth-box fusion-builder-row-1 has-pattern-background has-mask-background nonhundred-percent-fullwidth non-hundred-percent-height-scrolling\" style=\"--awb-background-position:left top;--awb-border-sizes-top:0px;--awb-border-sizes-bottom:0px;--awb-border-sizes-left:0px;--awb-border-sizes-right:0px;--awb-border-radius-top-left:0px;--awb-border-radius-top-right:0px;--awb-border-radius-bottom-right:0px;--awb-border-radius-bottom-left:0px;--awb-padding-top:20px;--awb-padding-right:0px;--awb-padding-bottom:20px;--awb-padding-left:0px;--awb-flex-wrap:wrap;\" ><div class=\"fusion-builder-row fusion-row\"><div class=\"fusion-layout-column fusion_builder_column fusion-builder-column-0 fusion_builder_column_1_6 1_6 fusion-one-sixth fusion-column-first\" style=\"--awb-bg-size:cover;width:16.666666666667%;width:calc(16.666666666667% - ( ( 4% + 4% ) * 0.16666666666667 ) );margin-right: 4%;\"><div class=\"fusion-column-wrapper fusion-column-has-shadow fusion-flex-column-wrapper-legacy\"><div class=\"fusion-clearfix\"><\/div><\/div><\/div><div class=\"fusion-layout-column fusion_builder_column fusion-builder-column-1 fusion_builder_column_2_3 2_3 fusion-two-third\" style=\"--awb-bg-size:cover;width:66.666666666667%;width:calc(66.666666666667% - ( ( 4% + 4% ) * 0.66666666666667 ) );margin-right: 4%;\"><div class=\"fusion-column-wrapper fusion-column-has-shadow fusion-flex-column-wrapper-legacy\"><div class=\"fusion-flip-boxes flip-boxes row fusion-columns-1 flip-effect-classic flipboxes_front\" id=\"flips_front\"><div class=\"fusion-flip-box-wrapper fusion-column col-lg-12 col-md-12 col-sm-12\"><div class=\"fusion-flip-box flip-right\" tabindex=\"0\"><div class=\"flip-box-inner-wrapper\"><div class=\"flip-box-front\" style=\"--awb-border-size:1px;--awb-border-radius:4px;\"><div class=\"flip-box-front-inner\"><div class=\"flip-box-grafix flip-box-image\"><img decoding=\"async\" src=\"https:\/\/icsl.at\/wp-content\/uploads\/2014\/10\/silentellogo3.png\" width=\"166\" height=\"60\" alt=\"Silentel NATO-approved secure communication solution\" \/><\/div><h2 class=\"flip-box-heading\">H\u00f6chste Sicherheit und Einfachheit<\/h2>Die einzige NATO zertifizierte APP weltweit, verf\u00fcgbar f\u00fcr verschiedene OS Plattformen.<\/div><\/div><div class=\"flip-box-back\" style=\"--awb-border-size:1px;--awb-border-radius:4px;\"><div class=\"flip-box-back-inner\"><h3 class=\"flip-box-heading-back\">Silentel HOSTED by ICSL<\/h3>\n<p>Mit Silentel HOSTED by ICSL sind ihre Daten nicht einmal f\u00fcr Administratoren zug\u00e4nglich und Sie k\u00f6nnen beruhigt und sicher mit Ihren Kunden und Lieferanten kommunizieren. Geschlossene Benutzergruppen f\u00fcr die Kommunikation zwischen VIPs.<\/p>\n<div class=\"fusion-align-block\"><a class=\"fusion-button button-flat button-small button-lightgray fusion-button-lightgray button-1 fusion-button-span-yes \" target=\"_self\" href=\"https:\/\/icsl.at\/de\/silentel-aas\/\"><span class=\"fusion-button-text awb-button__text awb-button__text--default\">MEHR ERFAHREN<\/span><\/a><\/div>\n<\/div><\/div><\/div><\/div><\/div><\/div><div class=\"clearfix\"><\/div><div class=\"fusion-clearfix\"><\/div><\/div><\/div><div class=\"fusion-layout-column fusion_builder_column fusion-builder-column-2 fusion_builder_column_1_6 1_6 fusion-one-sixth fusion-column-last\" style=\"--awb-bg-size:cover;width:16.666666666667%;width:calc(16.666666666667% - ( ( 4% + 4% ) * 0.16666666666667 ) );\"><div class=\"fusion-column-wrapper fusion-column-has-shadow fusion-flex-column-wrapper-legacy\"><div class=\"fusion-clearfix\"><\/div><\/div><\/div><\/div><\/div><div class=\"fusion-fullwidth fullwidth-box fusion-builder-row-2 fusion-parallax-fixed nonhundred-percent-fullwidth non-hundred-percent-height-scrolling\" style=\"--awb-border-sizes-top:1px;--awb-border-sizes-bottom:1px;--awb-border-sizes-left:0px;--awb-border-sizes-right:0px;--awb-border-color:#e5e4e4;--awb-border-radius-top-left:0px;--awb-border-radius-top-right:0px;--awb-border-radius-bottom-right:0px;--awb-border-radius-bottom-left:0px;--awb-padding-top:50px;--awb-padding-bottom:0px;--awb-background-color:no;--awb-background-image:url(&quot;https:\/\/icsl.at\/wp-content\/uploads\/2014\/06\/bkgd_bw2.jpg&quot;);--awb-background-size:cover;--awb-flex-wrap:wrap;background-attachment:fixed;\" ><div class=\"fusion-builder-row fusion-row\"><div class=\"fusion-layout-column fusion_builder_column fusion-builder-column-3 fusion_builder_column_1_1 1_1 fusion-one-full fusion-column-first fusion-column-last fusion-column-no-min-height\" style=\"--awb-bg-size:cover;--awb-margin-bottom:0px;\"><div class=\"fusion-column-wrapper fusion-flex-column-wrapper-legacy\"><div class=\"fusion-reading-box-container reading-box-container-1 fusion-animated\" style=\"--awb-title-color:#333333;--awb-margin-top:0px;--awb-margin-bottom:84px;\" data-animationType=\"fadeInUp\" data-animationDuration=\"1\" data-animationOffset=\"top-into-view\"><div class=\"reading-box\" style=\"background-color:rgba(255,255,255,0.3);border-width:1px;border-color:#e5e4e4;border-left-width:3px;border-left-color:var(--primary_color);border-style:solid;\"><a class=\"button fusion-button button-default fusion-button-large button-large button-flat fusion-desktop-button fusion-tagline-button continue fusion-desktop-button-margin continue-right\" style=\"-webkit-box-shadow:none;-moz-box-shadow:none;box-shadow:none;border-radius:  \" href=\"https:\/\/icsl.at\/de\/produkte\/\" target=\"_self\"><span>Learn more<\/span><\/a><h2>Garantierte Sicherheit f\u00fcr Sie \u2013 warum weniger nicht reicht?<\/h2><div class=\"reading-box-additional fusion-reading-box-additional\">\n<p>ICSL macht keine halben Sachen. Wir bieten ausschlie\u00dflich Systeme an, die gut genug f\u00fcr Beh\u00f6rden sind; mit garantierter Qualit\u00e4t. Es gibt mittlerweile an die 100 Anbieter weltweit f\u00fcr sichere Kommunikation; ICSL hat viele getestet und liefert ausschlie\u00dflich Systeme, die in puncto Handling wie Sicherheit keine W\u00fcnsche offen lassen.<\/p>\n<p>ICSL gibt es seit 20 Jahren und vor 13 Jahren haben wir uns der sicheren mobilen Kommunikation verschrieben. Profitieren Sie von unserer Erfahrung und geben Sie sich nicht mit weniger zufrieden.<\/p>\n<\/div><div class=\"fusion-clearfix\"><\/div><a class=\"button fusion-button button-default fusion-button-large button-large button-flat fusion-mobile-button continue-right\" style=\"-webkit-box-shadow:none;-moz-box-shadow:none;box-shadow:none;border-radius:  \" href=\"https:\/\/icsl.at\/de\/produkte\/\" target=\"_self\"><span>Learn more<\/span><\/a><\/div><\/div><div class=\"fusion-clearfix\"><\/div><\/div><\/div><\/div><\/div><div class=\"fusion-fullwidth fullwidth-box fusion-builder-row-3 nonhundred-percent-fullwidth non-hundred-percent-height-scrolling tickerBox\" style=\"--awb-background-position:left top;--awb-border-sizes-top:0px;--awb-border-sizes-bottom:0px;--awb-border-sizes-left:0px;--awb-border-sizes-right:0px;--awb-border-radius-top-left:0px;--awb-border-radius-top-right:0px;--awb-border-radius-bottom-right:0px;--awb-border-radius-bottom-left:0px;--awb-padding-top:20px;--awb-padding-right:0px;--awb-padding-bottom:20px;--awb-padding-left:0px;--awb-flex-wrap:wrap;\" ><div class=\"fusion-builder-row fusion-row\"><div class=\"fusion-layout-column fusion_builder_column fusion-builder-column-4 fusion_builder_column_1_1 1_1 fusion-one-full fusion-column-first fusion-column-last fusion-column-no-min-height\" style=\"--awb-bg-size:cover;--awb-margin-bottom:0px;\"><div class=\"fusion-column-wrapper fusion-flex-column-wrapper-legacy\"><div class=\"fusion-clearfix\"><\/div><\/div><\/div><\/div><\/div><\/p>\n","protected":false},"excerpt":{"rendered":"","protected":false},"author":9,"featured_media":0,"parent":0,"menu_order":0,"comment_status":"open","ping_status":"open","template":"100-width.php","meta":{"footnotes":""},"class_list":["post-12370","page","type-page","status-publish","hentry"],"yoast_head":"<!-- This site is optimized with the Yoast SEO plugin v26.7 - https:\/\/yoast.com\/wordpress\/plugins\/seo\/ -->\n<title>ICSL GmbH<\/title>\n<meta name=\"description\" content=\"Exclusive systems, with guaranteed quality. 13 years of experiance secure communication experience. Profit from our expertise and do not be satisfied with less.\" \/>\n<meta name=\"robots\" content=\"index, follow, max-snippet:-1, max-image-preview:large, max-video-preview:-1\" \/>\n<link rel=\"canonical\" href=\"https:\/\/icsl.at\/de\/\" \/>\n<meta property=\"og:locale\" content=\"de_DE\" \/>\n<meta property=\"og:type\" content=\"article\" \/>\n<meta property=\"og:title\" content=\"ICSL GmbH\" \/>\n<meta property=\"og:description\" content=\"Exclusive systems, with guaranteed quality. 13 years of experiance secure communication experience. Profit from our expertise and do not be satisfied with less.\" \/>\n<meta property=\"og:url\" content=\"https:\/\/icsl.at\/de\/\" \/>\n<meta property=\"og:site_name\" content=\"ICSL GmbH\" \/>\n<meta property=\"article:modified_time\" content=\"2026-01-14T15:24:27+00:00\" \/>\n<meta name=\"twitter:label1\" content=\"Gesch\u00e4tzte Lesezeit\" \/>\n\t<meta name=\"twitter:data1\" content=\"1\u00a0Minute\" \/>\n<script type=\"application\/ld+json\" class=\"yoast-schema-graph\">{\"@context\":\"https:\/\/schema.org\",\"@graph\":[{\"@type\":\"WebPage\",\"@id\":\"https:\/\/icsl.at\/de\/\",\"url\":\"https:\/\/icsl.at\/de\/\",\"name\":\"ICSL GmbH\",\"isPartOf\":{\"@id\":\"https:\/\/icsl.at\/#website\"},\"datePublished\":\"2014-10-13T13:54:05+00:00\",\"dateModified\":\"2026-01-14T15:24:27+00:00\",\"description\":\"Exclusive systems, with guaranteed quality. 13 years of experiance secure communication experience. Profit from our expertise and do not be satisfied with less.\",\"breadcrumb\":{\"@id\":\"https:\/\/icsl.at\/de\/#breadcrumb\"},\"inLanguage\":\"de\",\"potentialAction\":[{\"@type\":\"ReadAction\",\"target\":[\"https:\/\/icsl.at\/de\/\"]}]},{\"@type\":\"BreadcrumbList\",\"@id\":\"https:\/\/icsl.at\/de\/#breadcrumb\",\"itemListElement\":[{\"@type\":\"ListItem\",\"position\":1,\"name\":\"Home\",\"item\":\"https:\/\/icsl.at\/de\/\"},{\"@type\":\"ListItem\",\"position\":2,\"name\":\"ICSL Home\"}]},{\"@type\":\"WebSite\",\"@id\":\"https:\/\/icsl.at\/#website\",\"url\":\"https:\/\/icsl.at\/\",\"name\":\"ICSL GmbH\",\"description\":\"Consulting for Information-Technology and Telecommunications GmbH\",\"publisher\":{\"@id\":\"https:\/\/icsl.at\/#organization\"},\"potentialAction\":[{\"@type\":\"SearchAction\",\"target\":{\"@type\":\"EntryPoint\",\"urlTemplate\":\"https:\/\/icsl.at\/?s={search_term_string}\"},\"query-input\":{\"@type\":\"PropertyValueSpecification\",\"valueRequired\":true,\"valueName\":\"search_term_string\"}}],\"inLanguage\":\"de\"},{\"@type\":\"Organization\",\"@id\":\"https:\/\/icsl.at\/#organization\",\"name\":\"ICSL GmbH\",\"url\":\"https:\/\/icsl.at\/\",\"logo\":{\"@type\":\"ImageObject\",\"inLanguage\":\"de\",\"@id\":\"https:\/\/icsl.at\/#\/schema\/logo\/image\/\",\"url\":\"https:\/\/icsl.at\/wp-content\/uploads\/2019\/05\/ICSL_LOGO_B.png\",\"contentUrl\":\"https:\/\/icsl.at\/wp-content\/uploads\/2019\/05\/ICSL_LOGO_B.png\",\"width\":591,\"height\":578,\"caption\":\"ICSL GmbH\"},\"image\":{\"@id\":\"https:\/\/icsl.at\/#\/schema\/logo\/image\/\"}}]}<\/script>\n<!-- \/ Yoast SEO plugin. -->","yoast_head_json":{"title":"ICSL GmbH","description":"Exclusive systems, with guaranteed quality. 13 years of experiance secure communication experience. Profit from our expertise and do not be satisfied with less.","robots":{"index":"index","follow":"follow","max-snippet":"max-snippet:-1","max-image-preview":"max-image-preview:large","max-video-preview":"max-video-preview:-1"},"canonical":"https:\/\/icsl.at\/de\/","og_locale":"de_DE","og_type":"article","og_title":"ICSL GmbH","og_description":"Exclusive systems, with guaranteed quality. 13 years of experiance secure communication experience. Profit from our expertise and do not be satisfied with less.","og_url":"https:\/\/icsl.at\/de\/","og_site_name":"ICSL GmbH","article_modified_time":"2026-01-14T15:24:27+00:00","twitter_misc":{"Gesch\u00e4tzte Lesezeit":"1\u00a0Minute"},"schema":{"@context":"https:\/\/schema.org","@graph":[{"@type":"WebPage","@id":"https:\/\/icsl.at\/de\/","url":"https:\/\/icsl.at\/de\/","name":"ICSL GmbH","isPartOf":{"@id":"https:\/\/icsl.at\/#website"},"datePublished":"2014-10-13T13:54:05+00:00","dateModified":"2026-01-14T15:24:27+00:00","description":"Exclusive systems, with guaranteed quality. 13 years of experiance secure communication experience. Profit from our expertise and do not be satisfied with less.","breadcrumb":{"@id":"https:\/\/icsl.at\/de\/#breadcrumb"},"inLanguage":"de","potentialAction":[{"@type":"ReadAction","target":["https:\/\/icsl.at\/de\/"]}]},{"@type":"BreadcrumbList","@id":"https:\/\/icsl.at\/de\/#breadcrumb","itemListElement":[{"@type":"ListItem","position":1,"name":"Home","item":"https:\/\/icsl.at\/de\/"},{"@type":"ListItem","position":2,"name":"ICSL Home"}]},{"@type":"WebSite","@id":"https:\/\/icsl.at\/#website","url":"https:\/\/icsl.at\/","name":"ICSL GmbH","description":"Consulting for Information-Technology and Telecommunications GmbH","publisher":{"@id":"https:\/\/icsl.at\/#organization"},"potentialAction":[{"@type":"SearchAction","target":{"@type":"EntryPoint","urlTemplate":"https:\/\/icsl.at\/?s={search_term_string}"},"query-input":{"@type":"PropertyValueSpecification","valueRequired":true,"valueName":"search_term_string"}}],"inLanguage":"de"},{"@type":"Organization","@id":"https:\/\/icsl.at\/#organization","name":"ICSL GmbH","url":"https:\/\/icsl.at\/","logo":{"@type":"ImageObject","inLanguage":"de","@id":"https:\/\/icsl.at\/#\/schema\/logo\/image\/","url":"https:\/\/icsl.at\/wp-content\/uploads\/2019\/05\/ICSL_LOGO_B.png","contentUrl":"https:\/\/icsl.at\/wp-content\/uploads\/2019\/05\/ICSL_LOGO_B.png","width":591,"height":578,"caption":"ICSL GmbH"},"image":{"@id":"https:\/\/icsl.at\/#\/schema\/logo\/image\/"}}]}},"_links":{"self":[{"href":"https:\/\/icsl.at\/de\/wp-json\/wp\/v2\/pages\/12370","targetHints":{"allow":["GET"]}}],"collection":[{"href":"https:\/\/icsl.at\/de\/wp-json\/wp\/v2\/pages"}],"about":[{"href":"https:\/\/icsl.at\/de\/wp-json\/wp\/v2\/types\/page"}],"author":[{"embeddable":true,"href":"https:\/\/icsl.at\/de\/wp-json\/wp\/v2\/users\/9"}],"replies":[{"embeddable":true,"href":"https:\/\/icsl.at\/de\/wp-json\/wp\/v2\/comments?post=12370"}],"version-history":[{"count":148,"href":"https:\/\/icsl.at\/de\/wp-json\/wp\/v2\/pages\/12370\/revisions"}],"predecessor-version":[{"id":17845,"href":"https:\/\/icsl.at\/de\/wp-json\/wp\/v2\/pages\/12370\/revisions\/17845"}],"wp:attachment":[{"href":"https:\/\/icsl.at\/de\/wp-json\/wp\/v2\/media?parent=12370"}],"curies":[{"name":"wp","href":"https:\/\/api.w.org\/{rel}","templated":true}]}}